{"id":1675,"date":"2023-10-31T17:50:15","date_gmt":"2023-10-31T16:50:15","guid":{"rendered":"https:\/\/22q.hubstartidea.es\/?page_id=1675"},"modified":"2023-11-02T12:06:48","modified_gmt":"2023-11-02T11:06:48","slug":"hermanos-especiales","status":"publish","type":"page","link":"https:\/\/22q.hubstartidea.es\/index.php\/hermanos-especiales\/","title":{"rendered":"HERMANOS ESPECIALES"},"content":{"rendered":"<style>\/*! elementor - v3.15.0 - 20-08-2023 *\/\n.elementor-widget-image{text-align:center}.elementor-widget-image a{display:inline-block}.elementor-widget-image a img[src$=\".svg\"]{width:48px}.elementor-widget-image img{vertical-align:middle;display:inline-block}<\/style>\n<p>\t\t\t\t\t\t\t\t\t\t\t\t<img decoding=\"async\" src=\"http:\/\/22q.hubstartidea.es\/wp-content\/uploads\/elementor\/thumbs\/29542317_1979879808944192_3942571531381437298_n-300x300-1-qce4w5lqpgor7jtu98xgrbpqnlyjkla2adstffcdo4.png\" title=\"29542317_1979879808944192_3942571531381437298_n-300&#215;300\" alt=\"29542317_1979879808944192_3942571531381437298_n-300x300\" loading=\"lazy\" \/>\t\t\t\t\t\t\t\t\t\t\t\t\t\t\t<\/p>\n<p data-fontsize=\"16\" data-lineheight=\"24\">El proyecto DAME LA MANO \u2013 HERMANOS ESPECIALES surge de la necesidad que tenemos los hermanos de personas con discapacidad intelectual de tener un espacio donde poder expresar nuestros sentimientos, miedos, experiencias, an\u00e9cdotas sinti\u00e9ndonos realmente comprendidos. El objetivo de este proyecto es ofrecer a los hermanos apoyo e informaci\u00f3n, creando el ambiente necesario para que se puedan expresar e intercambiar experiencias, dudas y deseos as\u00ed como poder establecer pautas de actuaci\u00f3n, proporcionando a los hermanos herramientas efectivas para un afrontamiento \u00f3ptimo de la situaci\u00f3n.<\/p>\n<p data-fontsize=\"16\" data-lineheight=\"24\">Estudios con rigor cient\u00edfico, ponen de manifiesto que los hermanos de personas con discapacidad intelectual pueden presentar, entre otros, problemas de identificaci\u00f3n y sociabilizaci\u00f3n, adopci\u00f3n temprana de grandes responsabilidades, sentimientos de abandono, rabia, culpa, vergu\u0308enza, soledad o tristeza. Si las necesidades de estos hermanos se afrontan adecuadamente, y pueden compartir sus sentimientos de miedo, ansiedad, celos, soledad con otros hermanos, la discapacidad puede convertirse en una fuente de desarrollo y de enriquecimiento personal.<\/p>\n<p data-fontsize=\"16\" data-lineheight=\"24\">Es por ello la importancia de dar cobertura a las necesidades de los hermanos cuanto antes posible mediante estos grupos de encuentro, donde la actuaci\u00f3n principal ser\u00e1 dar la oportunidad a los hermanos de expresar tanto las emociones positivas como negativas, trabajando aspectos como el odio, el miedo, la verg\u00fcenza o el aislamiento que no se puedan compartir con otras personas u otros miembros de la familia. Adem\u00e1s, estos grupos de hermanos favorecen la prevenci\u00f3n de futuros problemas de desajuste psicol\u00f3gico y social mejorando la capacidad de adaptaci\u00f3n de estos, el entendimiento de la situaci\u00f3n, la reducci\u00f3n de los problemas de comportamiento, tanto en el \u00e1mbito escolar como familiar as\u00ed como la disminuci\u00f3n de sentimientos de culpabilidad y soledad.<\/p>\n<p>\t\t\t\t\t\t\t\t\t\t\t\t\t\t\t<img decoding=\"async\" src=\"http:\/\/22q.hubstartidea.es\/wp-content\/uploads\/elementor\/thumbs\/17309904_1813901452208696_9133431598678714013_o-1-qce5lk6pk355ed6tsauhkhirms4v1n5jcq9c340adw.png\" title=\"17309904_1813901452208696_9133431598678714013_o-1\" alt=\"17309904_1813901452208696_9133431598678714013_o-1\" loading=\"lazy\" \/><br \/>\n\t\t\t\t\t\t\t\t\t\t\t\t\t\t\t<img decoding=\"async\" width=\"1600\" height=\"1200\" src=\"http:\/\/22q.hubstartidea.es\/wp-content\/uploads\/2023\/09\/17359384_1813901188875389_4058799175461407499_o-1.jpg\" alt=\"\" loading=\"lazy\" srcset=\"https:\/\/22q.hubstartidea.es\/wp-content\/uploads\/2023\/09\/17359384_1813901188875389_4058799175461407499_o-1.jpg 1600w, https:\/\/22q.hubstartidea.es\/wp-content\/uploads\/2023\/09\/17359384_1813901188875389_4058799175461407499_o-1-300x225.jpg 300w, https:\/\/22q.hubstartidea.es\/wp-content\/uploads\/2023\/09\/17359384_1813901188875389_4058799175461407499_o-1-1024x768.jpg 1024w, https:\/\/22q.hubstartidea.es\/wp-content\/uploads\/2023\/09\/17359384_1813901188875389_4058799175461407499_o-1-768x576.jpg 768w, https:\/\/22q.hubstartidea.es\/wp-content\/uploads\/2023\/09\/17359384_1813901188875389_4058799175461407499_o-1-1536x1152.jpg 1536w\" sizes=\"auto, (max-width: 1600px) 100vw, 1600px\" \/>\t\t\t\t\t\t\t\t\t\t\t\t\t\t\t<\/p>\n<p style=\"text-align: center;\"><strong>REDES SOCIALES DEL PROYECTO<\/strong><\/p>\n<style>\/*! elementor - v3.15.0 - 20-08-2023 *\/\n.elementor-widget-social-icons.elementor-grid-0 .elementor-widget-container,.elementor-widget-social-icons.elementor-grid-mobile-0 .elementor-widget-container,.elementor-widget-social-icons.elementor-grid-tablet-0 .elementor-widget-container{line-height:1;font-size:0}.elementor-widget-social-icons:not(.elementor-grid-0):not(.elementor-grid-tablet-0):not(.elementor-grid-mobile-0) .elementor-grid{display:inline-grid}.elementor-widget-social-icons .elementor-grid{grid-column-gap:var(--grid-column-gap,5px);grid-row-gap:var(--grid-row-gap,5px);grid-template-columns:var(--grid-template-columns);justify-content:var(--justify-content,center);justify-items:var(--justify-content,center)}.elementor-icon.elementor-social-icon{font-size:var(--icon-size,25px);line-height:var(--icon-size,25px);width:calc(var(--icon-size, 25px) + (2 * var(--icon-padding, .5em)));height:calc(var(--icon-size, 25px) + (2 * var(--icon-padding, .5em)))}.elementor-social-icon{--e-social-icon-icon-color:#fff;display:inline-flex;background-color:#69727d;align-items:center;justify-content:center;text-align:center;cursor:pointer}.elementor-social-icon i{color:var(--e-social-icon-icon-color)}.elementor-social-icon svg{fill:var(--e-social-icon-icon-color)}.elementor-social-icon:last-child{margin:0}.elementor-social-icon:hover{opacity:.9;color:#fff}.elementor-social-icon-android{background-color:#a4c639}.elementor-social-icon-apple{background-color:#999}.elementor-social-icon-behance{background-color:#1769ff}.elementor-social-icon-bitbucket{background-color:#205081}.elementor-social-icon-codepen{background-color:#000}.elementor-social-icon-delicious{background-color:#39f}.elementor-social-icon-deviantart{background-color:#05cc47}.elementor-social-icon-digg{background-color:#005be2}.elementor-social-icon-dribbble{background-color:#ea4c89}.elementor-social-icon-elementor{background-color:#d30c5c}.elementor-social-icon-envelope{background-color:#ea4335}.elementor-social-icon-facebook,.elementor-social-icon-facebook-f{background-color:#3b5998}.elementor-social-icon-flickr{background-color:#0063dc}.elementor-social-icon-foursquare{background-color:#2d5be3}.elementor-social-icon-free-code-camp,.elementor-social-icon-freecodecamp{background-color:#006400}.elementor-social-icon-github{background-color:#333}.elementor-social-icon-gitlab{background-color:#e24329}.elementor-social-icon-globe{background-color:#69727d}.elementor-social-icon-google-plus,.elementor-social-icon-google-plus-g{background-color:#dd4b39}.elementor-social-icon-houzz{background-color:#7ac142}.elementor-social-icon-instagram{background-color:#262626}.elementor-social-icon-jsfiddle{background-color:#487aa2}.elementor-social-icon-link{background-color:#818a91}.elementor-social-icon-linkedin,.elementor-social-icon-linkedin-in{background-color:#0077b5}.elementor-social-icon-medium{background-color:#00ab6b}.elementor-social-icon-meetup{background-color:#ec1c40}.elementor-social-icon-mixcloud{background-color:#273a4b}.elementor-social-icon-odnoklassniki{background-color:#f4731c}.elementor-social-icon-pinterest{background-color:#bd081c}.elementor-social-icon-product-hunt{background-color:#da552f}.elementor-social-icon-reddit{background-color:#ff4500}.elementor-social-icon-rss{background-color:#f26522}.elementor-social-icon-shopping-cart{background-color:#4caf50}.elementor-social-icon-skype{background-color:#00aff0}.elementor-social-icon-slideshare{background-color:#0077b5}.elementor-social-icon-snapchat{background-color:#fffc00}.elementor-social-icon-soundcloud{background-color:#f80}.elementor-social-icon-spotify{background-color:#2ebd59}.elementor-social-icon-stack-overflow{background-color:#fe7a15}.elementor-social-icon-steam{background-color:#00adee}.elementor-social-icon-stumbleupon{background-color:#eb4924}.elementor-social-icon-telegram{background-color:#2ca5e0}.elementor-social-icon-thumb-tack{background-color:#1aa1d8}.elementor-social-icon-tripadvisor{background-color:#589442}.elementor-social-icon-tumblr{background-color:#35465c}.elementor-social-icon-twitch{background-color:#6441a5}.elementor-social-icon-twitter{background-color:#1da1f2}.elementor-social-icon-viber{background-color:#665cac}.elementor-social-icon-vimeo{background-color:#1ab7ea}.elementor-social-icon-vk{background-color:#45668e}.elementor-social-icon-weibo{background-color:#dd2430}.elementor-social-icon-weixin{background-color:#31a918}.elementor-social-icon-whatsapp{background-color:#25d366}.elementor-social-icon-wordpress{background-color:#21759b}.elementor-social-icon-xing{background-color:#026466}.elementor-social-icon-yelp{background-color:#af0606}.elementor-social-icon-youtube{background-color:#cd201f}.elementor-social-icon-500px{background-color:#0099e5}.elementor-shape-rounded .elementor-icon.elementor-social-icon{border-radius:10%}.elementor-shape-circle .elementor-icon.elementor-social-icon{border-radius:50%}<\/style>\n<p>\t\t\t\t\t<a href=\"https:\/\/www.facebook.com\/damelamano\/\" target=\"_blank\" rel=\"noopener\"><br \/>\n\t\t\t\t\t\t<svg xmlns=\"http:\/\/www.w3.org\/2000\/svg\" xmlns:xlink=\"http:\/\/www.w3.org\/1999\/xlink\" id=\"Capa_1\" x=\"0px\" y=\"0px\" viewBox=\"0 0 512 512\" style=\"enable-background:new 0 0 512 512;\" xml:space=\"preserve\"><g>\t<g>\t\t<path d=\"M288,176v-64c0-17.664,14.336-32,32-32h32V0h-64c-53.024,0-96,42.976-96,96v80h-64v80h64v256h96V256h64l32-80H288z\"><\/path>\t<\/g><\/g><g><\/g><g><\/g><g><\/g><g><\/g><g><\/g><g><\/g><g><\/g><g><\/g><g><\/g><g><\/g><g><\/g><g><\/g><g><\/g><g><\/g><g><\/g><\/svg>\t\t\t\t\t<\/a><br \/>\n\t\t\t\t\t<a href=\"https:\/\/twitter.com\/damelamano_\" target=\"_blank\" rel=\"noopener\"><br \/>\n\t\t\t\t\t\t<svg xmlns=\"http:\/\/www.w3.org\/2000\/svg\" xmlns:xlink=\"http:\/\/www.w3.org\/1999\/xlink\" id=\"Capa_1\" x=\"0px\" y=\"0px\" viewBox=\"0 0 512 512\" style=\"enable-background:new 0 0 512 512;\" xml:space=\"preserve\"><g>\t<g>\t\t<path d=\"M512,97.248c-19.04,8.352-39.328,13.888-60.48,16.576c21.76-12.992,38.368-33.408,46.176-58.016    c-20.288,12.096-42.688,20.64-66.56,25.408C411.872,60.704,384.416,48,354.464,48c-58.112,0-104.896,47.168-104.896,104.992    c0,8.32,0.704,16.32,2.432,23.936c-87.264-4.256-164.48-46.08-216.352-109.792c-9.056,15.712-14.368,33.696-14.368,53.056    c0,36.352,18.72,68.576,46.624,87.232c-16.864-0.32-33.408-5.216-47.424-12.928c0,0.32,0,0.736,0,1.152    c0,51.008,36.384,93.376,84.096,103.136c-8.544,2.336-17.856,3.456-27.52,3.456c-6.72,0-13.504-0.384-19.872-1.792    c13.6,41.568,52.192,72.128,98.08,73.12c-35.712,27.936-81.056,44.768-130.144,44.768c-8.608,0-16.864-0.384-25.12-1.44    C46.496,446.88,101.6,464,161.024,464c193.152,0,298.752-160,298.752-298.688c0-4.64-0.16-9.12-0.384-13.568    C480.224,136.96,497.728,118.496,512,97.248z\"><\/path>\t<\/g><\/g><g><\/g><g><\/g><g><\/g><g><\/g><g><\/g><g><\/g><g><\/g><g><\/g><g><\/g><g><\/g><g><\/g><g><\/g><g><\/g><g><\/g><g><\/g><\/svg>\t\t\t\t\t<\/a><\/p>\n","protected":false},"excerpt":{"rendered":"<p>El proyecto DAME LA MANO \u2013 HERMANOS ESPECIALES surge de la necesidad que tenemos los hermanos de personas con discapacidad intelectual de tener un espacio donde poder expresar nuestros sentimientos, miedos, experiencias, an\u00e9cdotas sinti\u00e9ndonos realmente comprendidos. El objetivo de este proyecto es ofrecer a los hermanos apoyo e informaci\u00f3n, creando el ambiente necesario para que [&hellip;]<\/p>\n","protected":false},"author":2,"featured_media":0,"parent":0,"menu_order":0,"comment_status":"closed","ping_status":"closed","template":"","meta":{"site-sidebar-layout":"no-sidebar","site-content-layout":"page-builder","ast-site-content-layout":"default","site-content-style":"default","site-sidebar-style":"default","ast-global-header-display":"","ast-banner-title-visibility":"","ast-main-header-display":"","ast-hfb-above-header-display":"","ast-hfb-below-header-display":"","ast-hfb-mobile-header-display":"","site-post-title":"disabled","ast-breadcrumbs-content":"","ast-featured-img":"disabled","footer-sml-layout":"","ast-disable-related-posts":"","theme-transparent-header-meta":"","adv-header-id-meta":"","stick-header-meta":"","header-above-stick-meta":"","header-main-stick-meta":"","header-below-stick-meta":"","astra-migrate-meta-layouts":"","ast-page-background-enabled":"default","ast-page-background-meta":{"desktop":{"background-color":"var(--ast-global-color-4)","background-image":"","background-repeat":"repeat","background-position":"center center","background-size":"auto","background-attachment":"scroll","background-type":"","background-media":"","overlay-type":"","overlay-color":"","overlay-opacity":"","overlay-gradient":""},"tablet":{"background-color":"","background-image":"","background-repeat":"repeat","background-position":"center center","background-size":"auto","background-attachment":"scroll","background-type":"","background-media":"","overlay-type":"","overlay-color":"","overlay-opacity":"","overlay-gradient":""},"mobile":{"background-color":"","background-image":"","background-repeat":"repeat","background-position":"center center","background-size":"auto","background-attachment":"scroll","background-type":"","background-media":"","overlay-type":"","overlay-color":"","overlay-opacity":"","overlay-gradient":""}},"ast-content-background-meta":{"desktop":{"background-color":"var(--ast-global-color-5)","background-image":"","background-repeat":"repeat","background-position":"center center","background-size":"auto","background-attachment":"scroll","background-type":"","background-media":"","overlay-type":"","overlay-color":"","overlay-opacity":"","overlay-gradient":""},"tablet":{"background-color":"var(--ast-global-color-5)","background-image":"","background-repeat":"repeat","background-position":"center center","background-size":"auto","background-attachment":"scroll","background-type":"","background-media":"","overlay-type":"","overlay-color":"","overlay-opacity":"","overlay-gradient":""},"mobile":{"background-color":"var(--ast-global-color-5)","background-image":"","background-repeat":"repeat","background-position":"center center","background-size":"auto","background-attachment":"scroll","background-type":"","background-media":"","overlay-type":"","overlay-color":"","overlay-opacity":"","overlay-gradient":""}},"footnotes":""},"class_list":["post-1675","page","type-page","status-publish","hentry"],"yoast_head":"<!-- This site is optimized with the Yoast SEO plugin v25.7 - https:\/\/yoast.com\/wordpress\/plugins\/seo\/ -->\n<title>HERMANOS ESPECIALES - Asociaci\u00f3n S\u00edndrome 22q11.2 Andaluc\u00eda<\/title>\n<meta name=\"robots\" content=\"index, follow, max-snippet:-1, max-image-preview:large, max-video-preview:-1\" \/>\n<link rel=\"canonical\" href=\"https:\/\/22q.hubstartidea.es\/index.php\/hermanos-especiales\/\" \/>\n<meta property=\"og:locale\" content=\"es_ES\" \/>\n<meta property=\"og:type\" content=\"article\" \/>\n<meta property=\"og:title\" content=\"HERMANOS ESPECIALES - Asociaci\u00f3n S\u00edndrome 22q11.2 Andaluc\u00eda\" \/>\n<meta property=\"og:description\" content=\"El proyecto DAME LA MANO \u2013 HERMANOS ESPECIALES surge de la necesidad que tenemos los hermanos de personas con discapacidad intelectual de tener un espacio donde poder expresar nuestros sentimientos, miedos, experiencias, an\u00e9cdotas sinti\u00e9ndonos realmente comprendidos. El objetivo de este proyecto es ofrecer a los hermanos apoyo e informaci\u00f3n, creando el ambiente necesario para que [&hellip;]\" \/>\n<meta property=\"og:url\" content=\"https:\/\/22q.hubstartidea.es\/index.php\/hermanos-especiales\/\" \/>\n<meta property=\"og:site_name\" content=\"Asociaci\u00f3n S\u00edndrome 22q11.2 Andaluc\u00eda\" \/>\n<meta property=\"article:modified_time\" content=\"2023-11-02T11:06:48+00:00\" \/>\n<meta property=\"og:image\" content=\"http:\/\/22q.hubstartidea.es\/wp-content\/uploads\/elementor\/thumbs\/29542317_1979879808944192_3942571531381437298_n-300x300-1-qce4w5lqpgor7jtu98xgrbpqnlyjkla2adstffcdo4.png\" \/>\n<meta name=\"twitter:card\" content=\"summary_large_image\" \/>\n<meta name=\"twitter:label1\" content=\"Tiempo de lectura\" \/>\n\t<meta name=\"twitter:data1\" content=\"1 minuto\" \/>\n<script type=\"application\/ld+json\" class=\"yoast-schema-graph\">{\"@context\":\"https:\/\/schema.org\",\"@graph\":[{\"@type\":\"WebPage\",\"@id\":\"https:\/\/22q.hubstartidea.es\/index.php\/hermanos-especiales\/\",\"url\":\"https:\/\/22q.hubstartidea.es\/index.php\/hermanos-especiales\/\",\"name\":\"HERMANOS ESPECIALES - Asociaci\u00f3n S\u00edndrome 22q11.2 Andaluc\u00eda\",\"isPartOf\":{\"@id\":\"https:\/\/22q.hubstartidea.es\/#website\"},\"primaryImageOfPage\":{\"@id\":\"https:\/\/22q.hubstartidea.es\/index.php\/hermanos-especiales\/#primaryimage\"},\"image\":{\"@id\":\"https:\/\/22q.hubstartidea.es\/index.php\/hermanos-especiales\/#primaryimage\"},\"thumbnailUrl\":\"http:\/\/22q.hubstartidea.es\/wp-content\/uploads\/elementor\/thumbs\/29542317_1979879808944192_3942571531381437298_n-300x300-1-qce4w5lqpgor7jtu98xgrbpqnlyjkla2adstffcdo4.png\",\"datePublished\":\"2023-10-31T16:50:15+00:00\",\"dateModified\":\"2023-11-02T11:06:48+00:00\",\"breadcrumb\":{\"@id\":\"https:\/\/22q.hubstartidea.es\/index.php\/hermanos-especiales\/#breadcrumb\"},\"inLanguage\":\"es\",\"potentialAction\":[{\"@type\":\"ReadAction\",\"target\":[\"https:\/\/22q.hubstartidea.es\/index.php\/hermanos-especiales\/\"]}]},{\"@type\":\"ImageObject\",\"inLanguage\":\"es\",\"@id\":\"https:\/\/22q.hubstartidea.es\/index.php\/hermanos-especiales\/#primaryimage\",\"url\":\"http:\/\/22q.hubstartidea.es\/wp-content\/uploads\/elementor\/thumbs\/29542317_1979879808944192_3942571531381437298_n-300x300-1-qce4w5lqpgor7jtu98xgrbpqnlyjkla2adstffcdo4.png\",\"contentUrl\":\"http:\/\/22q.hubstartidea.es\/wp-content\/uploads\/elementor\/thumbs\/29542317_1979879808944192_3942571531381437298_n-300x300-1-qce4w5lqpgor7jtu98xgrbpqnlyjkla2adstffcdo4.png\"},{\"@type\":\"BreadcrumbList\",\"@id\":\"https:\/\/22q.hubstartidea.es\/index.php\/hermanos-especiales\/#breadcrumb\",\"itemListElement\":[{\"@type\":\"ListItem\",\"position\":1,\"name\":\"Home\",\"item\":\"https:\/\/22q.hubstartidea.es\/\"},{\"@type\":\"ListItem\",\"position\":2,\"name\":\"HERMANOS ESPECIALES\"}]},{\"@type\":\"WebSite\",\"@id\":\"https:\/\/22q.hubstartidea.es\/#website\",\"url\":\"https:\/\/22q.hubstartidea.es\/\",\"name\":\"Asociaci\u00f3n S\u00edndrome 22q11.2 Andaluc\u00eda\",\"description\":\"\",\"publisher\":{\"@id\":\"https:\/\/22q.hubstartidea.es\/#organization\"},\"potentialAction\":[{\"@type\":\"SearchAction\",\"target\":{\"@type\":\"EntryPoint\",\"urlTemplate\":\"https:\/\/22q.hubstartidea.es\/?s={search_term_string}\"},\"query-input\":{\"@type\":\"PropertyValueSpecification\",\"valueRequired\":true,\"valueName\":\"search_term_string\"}}],\"inLanguage\":\"es\"},{\"@type\":\"Organization\",\"@id\":\"https:\/\/22q.hubstartidea.es\/#organization\",\"name\":\"Asociaci\u00f3n S\u00edndrome 22q11.2 Andaluc\u00eda\",\"url\":\"https:\/\/22q.hubstartidea.es\/\",\"logo\":{\"@type\":\"ImageObject\",\"inLanguage\":\"es\",\"@id\":\"https:\/\/22q.hubstartidea.es\/#\/schema\/logo\/image\/\",\"url\":\"https:\/\/22q.hubstartidea.es\/wp-content\/uploads\/2023\/09\/cropped-cropped-unnamed-1-1.jpg\",\"contentUrl\":\"https:\/\/22q.hubstartidea.es\/wp-content\/uploads\/2023\/09\/cropped-cropped-unnamed-1-1.jpg\",\"width\":512,\"height\":171,\"caption\":\"Asociaci\u00f3n S\u00edndrome 22q11.2 Andaluc\u00eda\"},\"image\":{\"@id\":\"https:\/\/22q.hubstartidea.es\/#\/schema\/logo\/image\/\"}}]}<\/script>\n<!-- \/ Yoast SEO plugin. -->","yoast_head_json":{"title":"HERMANOS ESPECIALES - Asociaci\u00f3n S\u00edndrome 22q11.2 Andaluc\u00eda","robots":{"index":"index","follow":"follow","max-snippet":"max-snippet:-1","max-image-preview":"max-image-preview:large","max-video-preview":"max-video-preview:-1"},"canonical":"https:\/\/22q.hubstartidea.es\/index.php\/hermanos-especiales\/","og_locale":"es_ES","og_type":"article","og_title":"HERMANOS ESPECIALES - Asociaci\u00f3n S\u00edndrome 22q11.2 Andaluc\u00eda","og_description":"El proyecto DAME LA MANO \u2013 HERMANOS ESPECIALES surge de la necesidad que tenemos los hermanos de personas con discapacidad intelectual de tener un espacio donde poder expresar nuestros sentimientos, miedos, experiencias, an\u00e9cdotas sinti\u00e9ndonos realmente comprendidos. El objetivo de este proyecto es ofrecer a los hermanos apoyo e informaci\u00f3n, creando el ambiente necesario para que [&hellip;]","og_url":"https:\/\/22q.hubstartidea.es\/index.php\/hermanos-especiales\/","og_site_name":"Asociaci\u00f3n S\u00edndrome 22q11.2 Andaluc\u00eda","article_modified_time":"2023-11-02T11:06:48+00:00","og_image":[{"url":"http:\/\/22q.hubstartidea.es\/wp-content\/uploads\/elementor\/thumbs\/29542317_1979879808944192_3942571531381437298_n-300x300-1-qce4w5lqpgor7jtu98xgrbpqnlyjkla2adstffcdo4.png","type":"","width":"","height":""}],"twitter_card":"summary_large_image","twitter_misc":{"Tiempo de lectura":"1 minuto"},"schema":{"@context":"https:\/\/schema.org","@graph":[{"@type":"WebPage","@id":"https:\/\/22q.hubstartidea.es\/index.php\/hermanos-especiales\/","url":"https:\/\/22q.hubstartidea.es\/index.php\/hermanos-especiales\/","name":"HERMANOS ESPECIALES - Asociaci\u00f3n S\u00edndrome 22q11.2 Andaluc\u00eda","isPartOf":{"@id":"https:\/\/22q.hubstartidea.es\/#website"},"primaryImageOfPage":{"@id":"https:\/\/22q.hubstartidea.es\/index.php\/hermanos-especiales\/#primaryimage"},"image":{"@id":"https:\/\/22q.hubstartidea.es\/index.php\/hermanos-especiales\/#primaryimage"},"thumbnailUrl":"http:\/\/22q.hubstartidea.es\/wp-content\/uploads\/elementor\/thumbs\/29542317_1979879808944192_3942571531381437298_n-300x300-1-qce4w5lqpgor7jtu98xgrbpqnlyjkla2adstffcdo4.png","datePublished":"2023-10-31T16:50:15+00:00","dateModified":"2023-11-02T11:06:48+00:00","breadcrumb":{"@id":"https:\/\/22q.hubstartidea.es\/index.php\/hermanos-especiales\/#breadcrumb"},"inLanguage":"es","potentialAction":[{"@type":"ReadAction","target":["https:\/\/22q.hubstartidea.es\/index.php\/hermanos-especiales\/"]}]},{"@type":"ImageObject","inLanguage":"es","@id":"https:\/\/22q.hubstartidea.es\/index.php\/hermanos-especiales\/#primaryimage","url":"http:\/\/22q.hubstartidea.es\/wp-content\/uploads\/elementor\/thumbs\/29542317_1979879808944192_3942571531381437298_n-300x300-1-qce4w5lqpgor7jtu98xgrbpqnlyjkla2adstffcdo4.png","contentUrl":"http:\/\/22q.hubstartidea.es\/wp-content\/uploads\/elementor\/thumbs\/29542317_1979879808944192_3942571531381437298_n-300x300-1-qce4w5lqpgor7jtu98xgrbpqnlyjkla2adstffcdo4.png"},{"@type":"BreadcrumbList","@id":"https:\/\/22q.hubstartidea.es\/index.php\/hermanos-especiales\/#breadcrumb","itemListElement":[{"@type":"ListItem","position":1,"name":"Home","item":"https:\/\/22q.hubstartidea.es\/"},{"@type":"ListItem","position":2,"name":"HERMANOS ESPECIALES"}]},{"@type":"WebSite","@id":"https:\/\/22q.hubstartidea.es\/#website","url":"https:\/\/22q.hubstartidea.es\/","name":"Asociaci\u00f3n S\u00edndrome 22q11.2 Andaluc\u00eda","description":"","publisher":{"@id":"https:\/\/22q.hubstartidea.es\/#organization"},"potentialAction":[{"@type":"SearchAction","target":{"@type":"EntryPoint","urlTemplate":"https:\/\/22q.hubstartidea.es\/?s={search_term_string}"},"query-input":{"@type":"PropertyValueSpecification","valueRequired":true,"valueName":"search_term_string"}}],"inLanguage":"es"},{"@type":"Organization","@id":"https:\/\/22q.hubstartidea.es\/#organization","name":"Asociaci\u00f3n S\u00edndrome 22q11.2 Andaluc\u00eda","url":"https:\/\/22q.hubstartidea.es\/","logo":{"@type":"ImageObject","inLanguage":"es","@id":"https:\/\/22q.hubstartidea.es\/#\/schema\/logo\/image\/","url":"https:\/\/22q.hubstartidea.es\/wp-content\/uploads\/2023\/09\/cropped-cropped-unnamed-1-1.jpg","contentUrl":"https:\/\/22q.hubstartidea.es\/wp-content\/uploads\/2023\/09\/cropped-cropped-unnamed-1-1.jpg","width":512,"height":171,"caption":"Asociaci\u00f3n S\u00edndrome 22q11.2 Andaluc\u00eda"},"image":{"@id":"https:\/\/22q.hubstartidea.es\/#\/schema\/logo\/image\/"}}]}},"_links":{"self":[{"href":"https:\/\/22q.hubstartidea.es\/index.php\/wp-json\/wp\/v2\/pages\/1675","targetHints":{"allow":["GET"]}}],"collection":[{"href":"https:\/\/22q.hubstartidea.es\/index.php\/wp-json\/wp\/v2\/pages"}],"about":[{"href":"https:\/\/22q.hubstartidea.es\/index.php\/wp-json\/wp\/v2\/types\/page"}],"author":[{"embeddable":true,"href":"https:\/\/22q.hubstartidea.es\/index.php\/wp-json\/wp\/v2\/users\/2"}],"replies":[{"embeddable":true,"href":"https:\/\/22q.hubstartidea.es\/index.php\/wp-json\/wp\/v2\/comments?post=1675"}],"version-history":[{"count":0,"href":"https:\/\/22q.hubstartidea.es\/index.php\/wp-json\/wp\/v2\/pages\/1675\/revisions"}],"wp:attachment":[{"href":"https:\/\/22q.hubstartidea.es\/index.php\/wp-json\/wp\/v2\/media?parent=1675"}],"curies":[{"name":"wp","href":"https:\/\/api.w.org\/{rel}","templated":true}]}}