{"id":1697,"date":"2023-10-31T17:59:32","date_gmt":"2023-10-31T16:59:32","guid":{"rendered":"https:\/\/22q.hubstartidea.es\/?page_id=1697"},"modified":"2023-11-02T12:30:05","modified_gmt":"2023-11-02T11:30:05","slug":"contacto","status":"publish","type":"page","link":"https:\/\/22q.hubstartidea.es\/index.php\/contacto\/","title":{"rendered":"CONTACTO"},"content":{"rendered":"<style>\/*! elementor - v3.15.0 - 20-08-2023 *\/\n.elementor-heading-title{padding:0;margin:0;line-height:1}.elementor-widget-heading .elementor-heading-title[class*=elementor-size-]>a{color:inherit;font-size:inherit;line-height:inherit}.elementor-widget-heading .elementor-heading-title.elementor-size-small{font-size:15px}.elementor-widget-heading .elementor-heading-title.elementor-size-medium{font-size:19px}.elementor-widget-heading .elementor-heading-title.elementor-size-large{font-size:29px}.elementor-widget-heading .elementor-heading-title.elementor-size-xl{font-size:39px}.elementor-widget-heading .elementor-heading-title.elementor-size-xxl{font-size:59px}<\/style>\n<h1>CONTACTO<\/h1>\n<style>\/*! elementor - v3.15.0 - 20-08-2023 *\/\n.elementor-widget-divider{--divider-border-style:none;--divider-border-width:1px;--divider-color:#0c0d0e;--divider-icon-size:20px;--divider-element-spacing:10px;--divider-pattern-height:24px;--divider-pattern-size:20px;--divider-pattern-url:none;--divider-pattern-repeat:repeat-x}.elementor-widget-divider .elementor-divider{display:flex}.elementor-widget-divider .elementor-divider__text{font-size:15px;line-height:1;max-width:95%}.elementor-widget-divider .elementor-divider__element{margin:0 var(--divider-element-spacing);flex-shrink:0}.elementor-widget-divider .elementor-icon{font-size:var(--divider-icon-size)}.elementor-widget-divider .elementor-divider-separator{display:flex;margin:0;direction:ltr}.elementor-widget-divider--view-line_icon .elementor-divider-separator,.elementor-widget-divider--view-line_text .elementor-divider-separator{align-items:center}.elementor-widget-divider--view-line_icon .elementor-divider-separator:after,.elementor-widget-divider--view-line_icon .elementor-divider-separator:before,.elementor-widget-divider--view-line_text .elementor-divider-separator:after,.elementor-widget-divider--view-line_text .elementor-divider-separator:before{display:block;content:\"\";border-bottom:0;flex-grow:1;border-top:var(--divider-border-width) var(--divider-border-style) var(--divider-color)}.elementor-widget-divider--element-align-left .elementor-divider .elementor-divider-separator>.elementor-divider__svg:first-of-type{flex-grow:0;flex-shrink:100}.elementor-widget-divider--element-align-left .elementor-divider-separator:before{content:none}.elementor-widget-divider--element-align-left .elementor-divider__element{margin-left:0}.elementor-widget-divider--element-align-right .elementor-divider .elementor-divider-separator>.elementor-divider__svg:last-of-type{flex-grow:0;flex-shrink:100}.elementor-widget-divider--element-align-right .elementor-divider-separator:after{content:none}.elementor-widget-divider--element-align-right .elementor-divider__element{margin-right:0}.elementor-widget-divider:not(.elementor-widget-divider--view-line_text):not(.elementor-widget-divider--view-line_icon) .elementor-divider-separator{border-top:var(--divider-border-width) var(--divider-border-style) var(--divider-color)}.elementor-widget-divider--separator-type-pattern{--divider-border-style:none}.elementor-widget-divider--separator-type-pattern.elementor-widget-divider--view-line .elementor-divider-separator,.elementor-widget-divider--separator-type-pattern:not(.elementor-widget-divider--view-line) .elementor-divider-separator:after,.elementor-widget-divider--separator-type-pattern:not(.elementor-widget-divider--view-line) .elementor-divider-separator:before,.elementor-widget-divider--separator-type-pattern:not([class*=elementor-widget-divider--view]) .elementor-divider-separator{width:100%;min-height:var(--divider-pattern-height);-webkit-mask-size:var(--divider-pattern-size) 100%;mask-size:var(--divider-pattern-size) 100%;-webkit-mask-repeat:var(--divider-pattern-repeat);mask-repeat:var(--divider-pattern-repeat);background-color:var(--divider-color);-webkit-mask-image:var(--divider-pattern-url);mask-image:var(--divider-pattern-url)}.elementor-widget-divider--no-spacing{--divider-pattern-size:auto}.elementor-widget-divider--bg-round{--divider-pattern-repeat:round}.rtl .elementor-widget-divider .elementor-divider__text{direction:rtl}.e-con-inner>.elementor-widget-divider,.e-con>.elementor-widget-divider{width:var(--container-widget-width,100%);--flex-grow:var(--container-widget-flex-grow)}<\/style>\n<p>\t\t\t<svg xmlns=\"http:\/\/www.w3.org\/2000\/svg\" xmlns:xlink=\"http:\/\/www.w3.org\/1999\/xlink\" id=\"Capa_1\" x=\"0px\" y=\"0px\" viewBox=\"0 0 512.001 512.001\" style=\"enable-background:new 0 0 512.001 512.001;\" xml:space=\"preserve\"><g>\t<g>\t\t<path d=\"M498.808,377.784l-63.633-63.647c-16.978-16.978-46.641-17.007-63.647,0l-10.611,10.611l127.284,127.277l10.607-10.607    C516.427,423.798,516.368,395.314,498.808,377.784z\"><\/path>\t<\/g><\/g><g>\t<g>\t\t<path d=\"M339.116,345.37c-13.39,10.373-32.492,9.959-44.727-2.303L168.572,217.163c-12.263-12.263-12.676-31.379-2.303-44.736    L39.278,45.443c-54.631,63.68-52.495,159.633,7.8,219.928l199.103,199.19c57.86,57.858,152.635,65.532,219.932,7.797    L339.116,345.37z\"><\/path>\t<\/g><\/g><g>\t<g>\t\t<path d=\"M197.503,76.391L133.87,12.744c-16.978-16.978-46.641-17.007-63.647,0L59.612,23.355l127.284,127.277l10.607-10.608    C215.121,122.406,215.063,93.922,197.503,76.391z\"><\/path>\t<\/g><\/g><g><\/g><g><\/g><g><\/g><g><\/g><g><\/g><g><\/g><g><\/g><g><\/g><g><\/g><g><\/g><g><\/g><g><\/g><g><\/g><g><\/g><g><\/g><\/svg>\t\t\t<\/p>\n<h2>Tel\u00e9fono:<\/h2>\n<h3><a href=\"tel:+8001234567890\">655 90 41 29<\/a><\/h3>\n<p>\t\t\t<svg xmlns=\"http:\/\/www.w3.org\/2000\/svg\" xmlns:xlink=\"http:\/\/www.w3.org\/1999\/xlink\" id=\"Capa_1\" x=\"0px\" y=\"0px\" viewBox=\"0 0 512 512\" style=\"enable-background:new 0 0 512 512;\" xml:space=\"preserve\"><g>\t<g>\t\t<path d=\"M47.065,465.07c-5.859-5.859-15.352-5.859-21.211,0L4.643,486.281c-14.211,14.211,7.47,34.952,21.211,21.211    l21.211-21.211C52.924,480.422,52.924,470.929,47.065,465.07z\"><\/path>\t<\/g><\/g><g>\t<g>\t\t<path d=\"M89.487,401.423l-21.211,21.226c-14.211,14.211,7.47,34.952,21.211,21.211l21.211-21.226    C124.643,408.688,103.547,387.363,89.487,401.423z\"><\/path>\t<\/g><\/g><g>\t<g>\t\t<path d=\"M28.144,126.449c-11.649,3.197-14.983,18.286-5.596,26.045l139.027,114.532L491.798,0L28.144,126.449z\"><\/path>\t<\/g><\/g><g>\t<g>\t\t<path d=\"M245.397,350.865l114.534,138.997c7.738,9.435,22.887,6.088,26.045-5.596L512,22.24    C508.111,25.384,248.541,346.976,245.397,350.865z\"><\/path>\t<\/g><\/g><g>\t<g>\t\t<path d=\"M154.829,311.067l-13.775,41.32c-3.923,11.834,7.495,22.935,18.984,18.97l41.364-13.786l196.615-243.133L154.829,311.067z    \"><\/path>\t<\/g><\/g><g><\/g><g><\/g><g><\/g><g><\/g><g><\/g><g><\/g><g><\/g><g><\/g><g><\/g><g><\/g><g><\/g><g><\/g><g><\/g><g><\/g><g><\/g><\/svg>\t\t\t<\/p>\n<h2>Email:<\/h2>\n<h3><a href=\"mailto:@yoursite.com\">info@22qandalucia.es<\/a><\/h3>\n<p>\t\t\t<svg xmlns=\"http:\/\/www.w3.org\/2000\/svg\" xmlns:xlink=\"http:\/\/www.w3.org\/1999\/xlink\" id=\"Capa_1\" x=\"0px\" y=\"0px\" viewBox=\"0 0 512 512\" style=\"enable-background:new 0 0 512 512;\" xml:space=\"preserve\"><g>\t<g>\t\t<path d=\"M256,120c-33.091,0-60,26.909-60,60c0,33.249,26.861,60,60,60c33.733,0,60-27.255,60-60C316,146.909,289.091,120,256,120z    \"><\/path>\t<\/g><\/g><g>\t<g>\t\t<path d=\"M256,0C156.742,0,76,80.742,76,180c0,33.53,9.287,66.255,26.851,94.644l142.896,230.259    c5.925,9.569,19.895,9.423,25.635-0.205L410.63,272.212C427.211,244.424,436,212.534,436,180C436,80.742,355.258,0,256,0z     M256,270.2c-50.345,0-90.2-40.979-90.2-90.2c0-49.629,40.571-90.2,90.2-90.2s90.2,40.571,90.2,90.2    C346.2,228.787,306.881,270.2,256,270.2z\"><\/path>\t<\/g><\/g><g><\/g><g><\/g><g><\/g><g><\/g><g><\/g><g><\/g><g><\/g><g><\/g><g><\/g><g><\/g><g><\/g><g><\/g><g><\/g><g><\/g><g><\/g><\/svg>\t\t\t<\/p>\n<h2>Correo Postal:<\/h2>\n<h3>C\/Agust\u00edn Lara 36, 18008, Granada<\/h3>\n<h2>Contacta con nosotros<\/h2>\n","protected":false},"excerpt":{"rendered":"<p>CONTACTO Tel\u00e9fono: 655 90 41 29 Email: info@22qandalucia.es Correo Postal: C\/Agust\u00edn Lara 36, 18008, Granada Contacta con nosotros<\/p>\n","protected":false},"author":2,"featured_media":0,"parent":0,"menu_order":0,"comment_status":"closed","ping_status":"closed","template":"","meta":{"site-sidebar-layout":"no-sidebar","site-content-layout":"page-builder","ast-site-content-layout":"default","site-content-style":"default","site-sidebar-style":"default","ast-global-header-display":"","ast-banner-title-visibility":"","ast-main-header-display":"","ast-hfb-above-header-display":"","ast-hfb-below-header-display":"","ast-hfb-mobile-header-display":"","site-post-title":"disabled","ast-breadcrumbs-content":"","ast-featured-img":"disabled","footer-sml-layout":"","ast-disable-related-posts":"","theme-transparent-header-meta":"","adv-header-id-meta":"","stick-header-meta":"","header-above-stick-meta":"","header-main-stick-meta":"","header-below-stick-meta":"","astra-migrate-meta-layouts":"","ast-page-background-enabled":"default","ast-page-background-meta":{"desktop":{"background-color":"var(--ast-global-color-4)","background-image":"","background-repeat":"repeat","background-position":"center center","background-size":"auto","background-attachment":"scroll","background-type":"","background-media":"","overlay-type":"","overlay-color":"","overlay-opacity":"","overlay-gradient":""},"tablet":{"background-color":"","background-image":"","background-repeat":"repeat","background-position":"center center","background-size":"auto","background-attachment":"scroll","background-type":"","background-media":"","overlay-type":"","overlay-color":"","overlay-opacity":"","overlay-gradient":""},"mobile":{"background-color":"","background-image":"","background-repeat":"repeat","background-position":"center center","background-size":"auto","background-attachment":"scroll","background-type":"","background-media":"","overlay-type":"","overlay-color":"","overlay-opacity":"","overlay-gradient":""}},"ast-content-background-meta":{"desktop":{"background-color":"var(--ast-global-color-5)","background-image":"","background-repeat":"repeat","background-position":"center center","background-size":"auto","background-attachment":"scroll","background-type":"","background-media":"","overlay-type":"","overlay-color":"","overlay-opacity":"","overlay-gradient":""},"tablet":{"background-color":"var(--ast-global-color-5)","background-image":"","background-repeat":"repeat","background-position":"center center","background-size":"auto","background-attachment":"scroll","background-type":"","background-media":"","overlay-type":"","overlay-color":"","overlay-opacity":"","overlay-gradient":""},"mobile":{"background-color":"var(--ast-global-color-5)","background-image":"","background-repeat":"repeat","background-position":"center center","background-size":"auto","background-attachment":"scroll","background-type":"","background-media":"","overlay-type":"","overlay-color":"","overlay-opacity":"","overlay-gradient":""}},"footnotes":""},"class_list":["post-1697","page","type-page","status-publish","hentry"],"yoast_head":"<!-- This site is optimized with the Yoast SEO plugin v25.7 - https:\/\/yoast.com\/wordpress\/plugins\/seo\/ -->\n<title>CONTACTO - Asociaci\u00f3n S\u00edndrome 22q11.2 Andaluc\u00eda<\/title>\n<meta name=\"robots\" content=\"index, follow, max-snippet:-1, max-image-preview:large, max-video-preview:-1\" \/>\n<link rel=\"canonical\" href=\"https:\/\/22q.hubstartidea.es\/index.php\/contacto\/\" \/>\n<meta property=\"og:locale\" content=\"es_ES\" \/>\n<meta property=\"og:type\" content=\"article\" \/>\n<meta property=\"og:title\" content=\"CONTACTO - Asociaci\u00f3n S\u00edndrome 22q11.2 Andaluc\u00eda\" \/>\n<meta property=\"og:description\" content=\"CONTACTO Tel\u00e9fono: 655 90 41 29 Email: info@22qandalucia.es Correo Postal: C\/Agust\u00edn Lara 36, 18008, Granada Contacta con nosotros\" \/>\n<meta property=\"og:url\" content=\"https:\/\/22q.hubstartidea.es\/index.php\/contacto\/\" \/>\n<meta property=\"og:site_name\" content=\"Asociaci\u00f3n S\u00edndrome 22q11.2 Andaluc\u00eda\" \/>\n<meta property=\"article:modified_time\" content=\"2023-11-02T11:30:05+00:00\" \/>\n<meta name=\"twitter:card\" content=\"summary_large_image\" \/>\n<script type=\"application\/ld+json\" class=\"yoast-schema-graph\">{\"@context\":\"https:\/\/schema.org\",\"@graph\":[{\"@type\":\"WebPage\",\"@id\":\"https:\/\/22q.hubstartidea.es\/index.php\/contacto\/\",\"url\":\"https:\/\/22q.hubstartidea.es\/index.php\/contacto\/\",\"name\":\"CONTACTO - Asociaci\u00f3n S\u00edndrome 22q11.2 Andaluc\u00eda\",\"isPartOf\":{\"@id\":\"https:\/\/22q.hubstartidea.es\/#website\"},\"datePublished\":\"2023-10-31T16:59:32+00:00\",\"dateModified\":\"2023-11-02T11:30:05+00:00\",\"breadcrumb\":{\"@id\":\"https:\/\/22q.hubstartidea.es\/index.php\/contacto\/#breadcrumb\"},\"inLanguage\":\"es\",\"potentialAction\":[{\"@type\":\"ReadAction\",\"target\":[\"https:\/\/22q.hubstartidea.es\/index.php\/contacto\/\"]}]},{\"@type\":\"BreadcrumbList\",\"@id\":\"https:\/\/22q.hubstartidea.es\/index.php\/contacto\/#breadcrumb\",\"itemListElement\":[{\"@type\":\"ListItem\",\"position\":1,\"name\":\"Home\",\"item\":\"https:\/\/22q.hubstartidea.es\/\"},{\"@type\":\"ListItem\",\"position\":2,\"name\":\"CONTACTO\"}]},{\"@type\":\"WebSite\",\"@id\":\"https:\/\/22q.hubstartidea.es\/#website\",\"url\":\"https:\/\/22q.hubstartidea.es\/\",\"name\":\"Asociaci\u00f3n S\u00edndrome 22q11.2 Andaluc\u00eda\",\"description\":\"\",\"publisher\":{\"@id\":\"https:\/\/22q.hubstartidea.es\/#organization\"},\"potentialAction\":[{\"@type\":\"SearchAction\",\"target\":{\"@type\":\"EntryPoint\",\"urlTemplate\":\"https:\/\/22q.hubstartidea.es\/?s={search_term_string}\"},\"query-input\":{\"@type\":\"PropertyValueSpecification\",\"valueRequired\":true,\"valueName\":\"search_term_string\"}}],\"inLanguage\":\"es\"},{\"@type\":\"Organization\",\"@id\":\"https:\/\/22q.hubstartidea.es\/#organization\",\"name\":\"Asociaci\u00f3n S\u00edndrome 22q11.2 Andaluc\u00eda\",\"url\":\"https:\/\/22q.hubstartidea.es\/\",\"logo\":{\"@type\":\"ImageObject\",\"inLanguage\":\"es\",\"@id\":\"https:\/\/22q.hubstartidea.es\/#\/schema\/logo\/image\/\",\"url\":\"https:\/\/22q.hubstartidea.es\/wp-content\/uploads\/2023\/09\/cropped-cropped-unnamed-1-1.jpg\",\"contentUrl\":\"https:\/\/22q.hubstartidea.es\/wp-content\/uploads\/2023\/09\/cropped-cropped-unnamed-1-1.jpg\",\"width\":512,\"height\":171,\"caption\":\"Asociaci\u00f3n S\u00edndrome 22q11.2 Andaluc\u00eda\"},\"image\":{\"@id\":\"https:\/\/22q.hubstartidea.es\/#\/schema\/logo\/image\/\"}}]}<\/script>\n<!-- \/ Yoast SEO plugin. -->","yoast_head_json":{"title":"CONTACTO - Asociaci\u00f3n S\u00edndrome 22q11.2 Andaluc\u00eda","robots":{"index":"index","follow":"follow","max-snippet":"max-snippet:-1","max-image-preview":"max-image-preview:large","max-video-preview":"max-video-preview:-1"},"canonical":"https:\/\/22q.hubstartidea.es\/index.php\/contacto\/","og_locale":"es_ES","og_type":"article","og_title":"CONTACTO - Asociaci\u00f3n S\u00edndrome 22q11.2 Andaluc\u00eda","og_description":"CONTACTO Tel\u00e9fono: 655 90 41 29 Email: info@22qandalucia.es Correo Postal: C\/Agust\u00edn Lara 36, 18008, Granada Contacta con nosotros","og_url":"https:\/\/22q.hubstartidea.es\/index.php\/contacto\/","og_site_name":"Asociaci\u00f3n S\u00edndrome 22q11.2 Andaluc\u00eda","article_modified_time":"2023-11-02T11:30:05+00:00","twitter_card":"summary_large_image","schema":{"@context":"https:\/\/schema.org","@graph":[{"@type":"WebPage","@id":"https:\/\/22q.hubstartidea.es\/index.php\/contacto\/","url":"https:\/\/22q.hubstartidea.es\/index.php\/contacto\/","name":"CONTACTO - Asociaci\u00f3n S\u00edndrome 22q11.2 Andaluc\u00eda","isPartOf":{"@id":"https:\/\/22q.hubstartidea.es\/#website"},"datePublished":"2023-10-31T16:59:32+00:00","dateModified":"2023-11-02T11:30:05+00:00","breadcrumb":{"@id":"https:\/\/22q.hubstartidea.es\/index.php\/contacto\/#breadcrumb"},"inLanguage":"es","potentialAction":[{"@type":"ReadAction","target":["https:\/\/22q.hubstartidea.es\/index.php\/contacto\/"]}]},{"@type":"BreadcrumbList","@id":"https:\/\/22q.hubstartidea.es\/index.php\/contacto\/#breadcrumb","itemListElement":[{"@type":"ListItem","position":1,"name":"Home","item":"https:\/\/22q.hubstartidea.es\/"},{"@type":"ListItem","position":2,"name":"CONTACTO"}]},{"@type":"WebSite","@id":"https:\/\/22q.hubstartidea.es\/#website","url":"https:\/\/22q.hubstartidea.es\/","name":"Asociaci\u00f3n S\u00edndrome 22q11.2 Andaluc\u00eda","description":"","publisher":{"@id":"https:\/\/22q.hubstartidea.es\/#organization"},"potentialAction":[{"@type":"SearchAction","target":{"@type":"EntryPoint","urlTemplate":"https:\/\/22q.hubstartidea.es\/?s={search_term_string}"},"query-input":{"@type":"PropertyValueSpecification","valueRequired":true,"valueName":"search_term_string"}}],"inLanguage":"es"},{"@type":"Organization","@id":"https:\/\/22q.hubstartidea.es\/#organization","name":"Asociaci\u00f3n S\u00edndrome 22q11.2 Andaluc\u00eda","url":"https:\/\/22q.hubstartidea.es\/","logo":{"@type":"ImageObject","inLanguage":"es","@id":"https:\/\/22q.hubstartidea.es\/#\/schema\/logo\/image\/","url":"https:\/\/22q.hubstartidea.es\/wp-content\/uploads\/2023\/09\/cropped-cropped-unnamed-1-1.jpg","contentUrl":"https:\/\/22q.hubstartidea.es\/wp-content\/uploads\/2023\/09\/cropped-cropped-unnamed-1-1.jpg","width":512,"height":171,"caption":"Asociaci\u00f3n S\u00edndrome 22q11.2 Andaluc\u00eda"},"image":{"@id":"https:\/\/22q.hubstartidea.es\/#\/schema\/logo\/image\/"}}]}},"_links":{"self":[{"href":"https:\/\/22q.hubstartidea.es\/index.php\/wp-json\/wp\/v2\/pages\/1697","targetHints":{"allow":["GET"]}}],"collection":[{"href":"https:\/\/22q.hubstartidea.es\/index.php\/wp-json\/wp\/v2\/pages"}],"about":[{"href":"https:\/\/22q.hubstartidea.es\/index.php\/wp-json\/wp\/v2\/types\/page"}],"author":[{"embeddable":true,"href":"https:\/\/22q.hubstartidea.es\/index.php\/wp-json\/wp\/v2\/users\/2"}],"replies":[{"embeddable":true,"href":"https:\/\/22q.hubstartidea.es\/index.php\/wp-json\/wp\/v2\/comments?post=1697"}],"version-history":[{"count":0,"href":"https:\/\/22q.hubstartidea.es\/index.php\/wp-json\/wp\/v2\/pages\/1697\/revisions"}],"wp:attachment":[{"href":"https:\/\/22q.hubstartidea.es\/index.php\/wp-json\/wp\/v2\/media?parent=1697"}],"curies":[{"name":"wp","href":"https:\/\/api.w.org\/{rel}","templated":true}]}}