{"id":1745,"date":"2023-11-02T17:42:45","date_gmt":"2023-11-02T16:42:45","guid":{"rendered":"https:\/\/22q.hubstartidea.es\/?page_id=1745"},"modified":"2024-02-02T23:30:17","modified_gmt":"2024-02-02T22:30:17","slug":"entrevistas","status":"publish","type":"page","link":"https:\/\/22q.hubstartidea.es\/index.php\/entrevistas\/","title":{"rendered":"ENTREVISTAS"},"content":{"rendered":"<style>\/*! elementor - v3.15.0 - 20-08-2023 *\/\n.elementor-heading-title{padding:0;margin:0;line-height:1}.elementor-widget-heading .elementor-heading-title[class*=elementor-size-]>a{color:inherit;font-size:inherit;line-height:inherit}.elementor-widget-heading .elementor-heading-title.elementor-size-small{font-size:15px}.elementor-widget-heading .elementor-heading-title.elementor-size-medium{font-size:19px}.elementor-widget-heading .elementor-heading-title.elementor-size-large{font-size:29px}.elementor-widget-heading .elementor-heading-title.elementor-size-xl{font-size:39px}.elementor-widget-heading .elementor-heading-title.elementor-size-xxl{font-size:59px}<\/style>\n<h2>Entrevista a nuestra Presidenta Rosario Coca en El Ideal<\/h2>\n<style>\/*! elementor - v3.15.0 - 20-08-2023 *\/\n.elementor-widget-image{text-align:center}.elementor-widget-image a{display:inline-block}.elementor-widget-image a img[src$=\".svg\"]{width:48px}.elementor-widget-image img{vertical-align:middle;display:inline-block}<\/style>\n<p>\t\t\t\t\t\t\t\t\t\t\t\t<img decoding=\"async\" width=\"636\" height=\"960\" src=\"http:\/\/22q.hubstartidea.es\/wp-content\/uploads\/2024\/01\/IMG_6260.jpg\" alt=\"Entrevista a nuestra Presidenta Rosario Coca en El Ideal\" loading=\"lazy\" srcset=\"https:\/\/22q.hubstartidea.es\/wp-content\/uploads\/2024\/01\/IMG_6260.jpg 636w, https:\/\/22q.hubstartidea.es\/wp-content\/uploads\/2024\/01\/IMG_6260-199x300.jpg 199w\" sizes=\"auto, (max-width: 636px) 100vw, 636px\" \/>\t\t\t\t\t\t\t\t\t\t\t\t\t\t\t<\/p>\n<h2>Mayo 2018 \u2013 Entrevista en Canal Sur Granada a nuestra Tesorera Ana Monge por motivo del D\u00eda Internacional<\/h2>\n<div class=\"ast-oembed-container \" style=\"height: 100%;\"><iframe loading=\"lazy\" title=\"Entrevista para Canal Sur Granada\" width=\"500\" height=\"281\" src=\"https:\/\/www.youtube.com\/embed\/ChTHrEDo7CQ?feature=oembed\" frameborder=\"0\" allow=\"accelerometer; autoplay; clipboard-write; encrypted-media; gyroscope; picture-in-picture; web-share\" referrerpolicy=\"strict-origin-when-cross-origin\" allowfullscreen><\/iframe><\/div>\n<h4>Agosto 2020 \u2013 Entrevista en Onda Local de Andaluc\u00eda a nuestra presidenta Rosario Coca<\/h4>\n<!--[if lt IE 9]><script>document.createElement('audio');<\/script><![endif]-->\n<audio class=\"wp-audio-shortcode\" id=\"audio-1745-1\" preload=\"none\" style=\"width: 100%;\" controls=\"controls\"><source type=\"audio\/mpeg\" src=\"http:\/\/22q.hubstartidea.es\/wp-content\/uploads\/2024\/01\/asociacion-sindrome-22q11-200812.mp3?_=1\" \/><a href=\"http:\/\/22q.hubstartidea.es\/wp-content\/uploads\/2024\/01\/asociacion-sindrome-22q11-200812.mp3\">http:\/\/22q.hubstartidea.es\/wp-content\/uploads\/2024\/01\/asociacion-sindrome-22q11-200812.mp3<\/a><\/audio>\n<h4>Abril 2019 \u2013 Entrevista en Canal Sur Radio, Programa \u201cLa Hora de Almer\u00eda\u201d<\/h4>\n<audio class=\"wp-audio-shortcode\" id=\"audio-1745-2\" preload=\"none\" style=\"width: 100%;\" controls=\"controls\"><source type=\"audio\/mpeg\" src=\"http:\/\/22q.hubstartidea.es\/wp-content\/uploads\/2024\/01\/AUDIO-2019-04-10-08-11-51.mp3?_=2\" \/><a href=\"http:\/\/22q.hubstartidea.es\/wp-content\/uploads\/2024\/01\/AUDIO-2019-04-10-08-11-51.mp3\">http:\/\/22q.hubstartidea.es\/wp-content\/uploads\/2024\/01\/AUDIO-2019-04-10-08-11-51.mp3<\/a><\/audio>\n<h4>Entrevista en Canal Sur Radio, Programa \u201cNo te rindas\u201d<\/h4>\n<audio class=\"wp-audio-shortcode\" id=\"audio-1745-3\" preload=\"none\" style=\"width: 100%;\" controls=\"controls\"><source type=\"audio\/mpeg\" src=\"http:\/\/22q.hubstartidea.es\/wp-content\/uploads\/2023\/11\/AUDIO-2019-03-11-14-30-07.mp3?_=3\" \/><a href=\"http:\/\/22q.hubstartidea.es\/wp-content\/uploads\/2023\/11\/AUDIO-2019-03-11-14-30-07.mp3\">http:\/\/22q.hubstartidea.es\/wp-content\/uploads\/2023\/11\/AUDIO-2019-03-11-14-30-07.mp3<\/a><\/audio>\n<h4>Entrevista en Cadena Ser, Programa Hoy por Hoy Granada<br \/>\n<\/h4>\n<audio class=\"wp-audio-shortcode\" id=\"audio-1745-4\" preload=\"none\" style=\"width: 100%;\" controls=\"controls\"><source type=\"audio\/mpeg\" src=\"http:\/\/22q.hubstartidea.es\/wp-content\/uploads\/2024\/01\/Entrevista-Cadena-Ser-Hoy-por-hoy-Granada.mp3?_=4\" \/><a href=\"http:\/\/22q.hubstartidea.es\/wp-content\/uploads\/2024\/01\/Entrevista-Cadena-Ser-Hoy-por-hoy-Granada.mp3\">http:\/\/22q.hubstartidea.es\/wp-content\/uploads\/2024\/01\/Entrevista-Cadena-Ser-Hoy-por-hoy-Granada.mp3<\/a><\/audio>\n<h4>22\/05\/2019: Rueda de Prensa en el Ayuntamiento de Granada con motivo del D\u00eda Internacional del S\u00edndrome 22q11<\/h4>\n<audio class=\"wp-audio-shortcode\" id=\"audio-1745-5\" preload=\"none\" style=\"width: 100%;\" controls=\"controls\"><source type=\"audio\/mpeg\" src=\"http:\/\/22q.hubstartidea.es\/wp-content\/uploads\/2023\/11\/SINDROME-22Q-22-mayo-2019.mp3?_=5\" \/><a href=\"http:\/\/22q.hubstartidea.es\/wp-content\/uploads\/2023\/11\/SINDROME-22Q-22-mayo-2019.mp3\">http:\/\/22q.hubstartidea.es\/wp-content\/uploads\/2023\/11\/SINDROME-22Q-22-mayo-2019.mp3<\/a><\/audio>\n<h4>18\/07\/2019: Entrevista al Dr. Gin\u00e9s Mart\u00ednez en el programa de radio \u201cEnfermedades raras\u201d<\/h4>\n<audio class=\"wp-audio-shortcode\" id=\"audio-1745-6\" preload=\"none\" style=\"width: 100%;\" controls=\"controls\"><source type=\"audio\/mpeg\" src=\"http:\/\/22q.hubstartidea.es\/wp-content\/uploads\/2023\/11\/sindromedigeorge22q11drgines-antoniogarmas-ivoox38646111.mp3?_=6\" \/><a href=\"http:\/\/22q.hubstartidea.es\/wp-content\/uploads\/2023\/11\/sindromedigeorge22q11drgines-antoniogarmas-ivoox38646111.mp3\">http:\/\/22q.hubstartidea.es\/wp-content\/uploads\/2023\/11\/sindromedigeorge22q11drgines-antoniogarmas-ivoox38646111.mp3<\/a><\/audio>\n","protected":false},"excerpt":{"rendered":"<p>Entrevista a nuestra Presidenta Rosario Coca en El Ideal Mayo 2018 \u2013 Entrevista en Canal Sur Granada a nuestra Tesorera Ana Monge por motivo del D\u00eda Internacional Agosto 2020 \u2013 Entrevista en Onda Local de Andaluc\u00eda a nuestra presidenta Rosario Coca Abril 2019 \u2013 Entrevista en Canal Sur Radio, Programa \u201cLa Hora de Almer\u00eda\u201d Entrevista [&hellip;]<\/p>\n","protected":false},"author":2,"featured_media":0,"parent":0,"menu_order":0,"comment_status":"closed","ping_status":"closed","template":"","meta":{"site-sidebar-layout":"no-sidebar","site-content-layout":"page-builder","ast-site-content-layout":"default","site-content-style":"default","site-sidebar-style":"default","ast-global-header-display":"","ast-banner-title-visibility":"","ast-main-header-display":"","ast-hfb-above-header-display":"","ast-hfb-below-header-display":"","ast-hfb-mobile-header-display":"","site-post-title":"disabled","ast-breadcrumbs-content":"","ast-featured-img":"disabled","footer-sml-layout":"","ast-disable-related-posts":"","theme-transparent-header-meta":"","adv-header-id-meta":"","stick-header-meta":"","header-above-stick-meta":"","header-main-stick-meta":"","header-below-stick-meta":"","astra-migrate-meta-layouts":"","ast-page-background-enabled":"default","ast-page-background-meta":{"desktop":{"background-color":"var(--ast-global-color-4)","background-image":"","background-repeat":"repeat","background-position":"center center","background-size":"auto","background-attachment":"scroll","background-type":"","background-media":"","overlay-type":"","overlay-color":"","overlay-opacity":"","overlay-gradient":""},"tablet":{"background-color":"","background-image":"","background-repeat":"repeat","background-position":"center center","background-size":"auto","background-attachment":"scroll","background-type":"","background-media":"","overlay-type":"","overlay-color":"","overlay-opacity":"","overlay-gradient":""},"mobile":{"background-color":"","background-image":"","background-repeat":"repeat","background-position":"center center","background-size":"auto","background-attachment":"scroll","background-type":"","background-media":"","overlay-type":"","overlay-color":"","overlay-opacity":"","overlay-gradient":""}},"ast-content-background-meta":{"desktop":{"background-color":"var(--ast-global-color-5)","background-image":"","background-repeat":"repeat","background-position":"center center","background-size":"auto","background-attachment":"scroll","background-type":"","background-media":"","overlay-type":"","overlay-color":"","overlay-opacity":"","overlay-gradient":""},"tablet":{"background-color":"var(--ast-global-color-5)","background-image":"","background-repeat":"repeat","background-position":"center center","background-size":"auto","background-attachment":"scroll","background-type":"","background-media":"","overlay-type":"","overlay-color":"","overlay-opacity":"","overlay-gradient":""},"mobile":{"background-color":"var(--ast-global-color-5)","background-image":"","background-repeat":"repeat","background-position":"center center","background-size":"auto","background-attachment":"scroll","background-type":"","background-media":"","overlay-type":"","overlay-color":"","overlay-opacity":"","overlay-gradient":""}},"footnotes":""},"class_list":["post-1745","page","type-page","status-publish","hentry"],"yoast_head":"<!-- This site is optimized with the Yoast SEO plugin v25.7 - https:\/\/yoast.com\/wordpress\/plugins\/seo\/ -->\n<title>ENTREVISTAS - Asociaci\u00f3n S\u00edndrome 22q11.2 Andaluc\u00eda<\/title>\n<meta name=\"robots\" content=\"index, follow, max-snippet:-1, max-image-preview:large, max-video-preview:-1\" \/>\n<link rel=\"canonical\" href=\"https:\/\/22q.hubstartidea.es\/index.php\/entrevistas\/\" \/>\n<meta property=\"og:locale\" content=\"es_ES\" \/>\n<meta property=\"og:type\" content=\"article\" \/>\n<meta property=\"og:title\" content=\"ENTREVISTAS - Asociaci\u00f3n S\u00edndrome 22q11.2 Andaluc\u00eda\" \/>\n<meta property=\"og:description\" content=\"Entrevista a nuestra Presidenta Rosario Coca en El Ideal Mayo 2018 \u2013 Entrevista en Canal Sur Granada a nuestra Tesorera Ana Monge por motivo del D\u00eda Internacional Agosto 2020 \u2013 Entrevista en Onda Local de Andaluc\u00eda a nuestra presidenta Rosario Coca Abril 2019 \u2013 Entrevista en Canal Sur Radio, Programa \u201cLa Hora de Almer\u00eda\u201d Entrevista [&hellip;]\" \/>\n<meta property=\"og:url\" content=\"https:\/\/22q.hubstartidea.es\/index.php\/entrevistas\/\" \/>\n<meta property=\"og:site_name\" content=\"Asociaci\u00f3n S\u00edndrome 22q11.2 Andaluc\u00eda\" \/>\n<meta property=\"article:modified_time\" content=\"2024-02-02T22:30:17+00:00\" \/>\n<meta property=\"og:image\" content=\"http:\/\/22q.hubstartidea.es\/wp-content\/uploads\/2024\/01\/IMG_6260.jpg\" \/>\n<meta name=\"twitter:card\" content=\"summary_large_image\" \/>\n<meta name=\"twitter:label1\" content=\"Tiempo de lectura\" \/>\n\t<meta name=\"twitter:data1\" content=\"1 minuto\" \/>\n<script type=\"application\/ld+json\" class=\"yoast-schema-graph\">{\"@context\":\"https:\/\/schema.org\",\"@graph\":[{\"@type\":\"WebPage\",\"@id\":\"https:\/\/22q.hubstartidea.es\/index.php\/entrevistas\/\",\"url\":\"https:\/\/22q.hubstartidea.es\/index.php\/entrevistas\/\",\"name\":\"ENTREVISTAS - Asociaci\u00f3n S\u00edndrome 22q11.2 Andaluc\u00eda\",\"isPartOf\":{\"@id\":\"https:\/\/22q.hubstartidea.es\/#website\"},\"primaryImageOfPage\":{\"@id\":\"https:\/\/22q.hubstartidea.es\/index.php\/entrevistas\/#primaryimage\"},\"image\":{\"@id\":\"https:\/\/22q.hubstartidea.es\/index.php\/entrevistas\/#primaryimage\"},\"thumbnailUrl\":\"http:\/\/22q.hubstartidea.es\/wp-content\/uploads\/2024\/01\/IMG_6260.jpg\",\"datePublished\":\"2023-11-02T16:42:45+00:00\",\"dateModified\":\"2024-02-02T22:30:17+00:00\",\"breadcrumb\":{\"@id\":\"https:\/\/22q.hubstartidea.es\/index.php\/entrevistas\/#breadcrumb\"},\"inLanguage\":\"es\",\"potentialAction\":[{\"@type\":\"ReadAction\",\"target\":[\"https:\/\/22q.hubstartidea.es\/index.php\/entrevistas\/\"]}]},{\"@type\":\"ImageObject\",\"inLanguage\":\"es\",\"@id\":\"https:\/\/22q.hubstartidea.es\/index.php\/entrevistas\/#primaryimage\",\"url\":\"https:\/\/22q.hubstartidea.es\/wp-content\/uploads\/2024\/01\/IMG_6260.jpg\",\"contentUrl\":\"https:\/\/22q.hubstartidea.es\/wp-content\/uploads\/2024\/01\/IMG_6260.jpg\",\"width\":636,\"height\":960,\"caption\":\"Entrevista a nuestra Presidenta Rosario Coca en El Ideal\"},{\"@type\":\"BreadcrumbList\",\"@id\":\"https:\/\/22q.hubstartidea.es\/index.php\/entrevistas\/#breadcrumb\",\"itemListElement\":[{\"@type\":\"ListItem\",\"position\":1,\"name\":\"Home\",\"item\":\"https:\/\/22q.hubstartidea.es\/\"},{\"@type\":\"ListItem\",\"position\":2,\"name\":\"ENTREVISTAS\"}]},{\"@type\":\"WebSite\",\"@id\":\"https:\/\/22q.hubstartidea.es\/#website\",\"url\":\"https:\/\/22q.hubstartidea.es\/\",\"name\":\"Asociaci\u00f3n S\u00edndrome 22q11.2 Andaluc\u00eda\",\"description\":\"\",\"publisher\":{\"@id\":\"https:\/\/22q.hubstartidea.es\/#organization\"},\"potentialAction\":[{\"@type\":\"SearchAction\",\"target\":{\"@type\":\"EntryPoint\",\"urlTemplate\":\"https:\/\/22q.hubstartidea.es\/?s={search_term_string}\"},\"query-input\":{\"@type\":\"PropertyValueSpecification\",\"valueRequired\":true,\"valueName\":\"search_term_string\"}}],\"inLanguage\":\"es\"},{\"@type\":\"Organization\",\"@id\":\"https:\/\/22q.hubstartidea.es\/#organization\",\"name\":\"Asociaci\u00f3n S\u00edndrome 22q11.2 Andaluc\u00eda\",\"url\":\"https:\/\/22q.hubstartidea.es\/\",\"logo\":{\"@type\":\"ImageObject\",\"inLanguage\":\"es\",\"@id\":\"https:\/\/22q.hubstartidea.es\/#\/schema\/logo\/image\/\",\"url\":\"https:\/\/22q.hubstartidea.es\/wp-content\/uploads\/2023\/09\/cropped-cropped-unnamed-1-1.jpg\",\"contentUrl\":\"https:\/\/22q.hubstartidea.es\/wp-content\/uploads\/2023\/09\/cropped-cropped-unnamed-1-1.jpg\",\"width\":512,\"height\":171,\"caption\":\"Asociaci\u00f3n S\u00edndrome 22q11.2 Andaluc\u00eda\"},\"image\":{\"@id\":\"https:\/\/22q.hubstartidea.es\/#\/schema\/logo\/image\/\"}}]}<\/script>\n<!-- \/ Yoast SEO plugin. -->","yoast_head_json":{"title":"ENTREVISTAS - Asociaci\u00f3n S\u00edndrome 22q11.2 Andaluc\u00eda","robots":{"index":"index","follow":"follow","max-snippet":"max-snippet:-1","max-image-preview":"max-image-preview:large","max-video-preview":"max-video-preview:-1"},"canonical":"https:\/\/22q.hubstartidea.es\/index.php\/entrevistas\/","og_locale":"es_ES","og_type":"article","og_title":"ENTREVISTAS - Asociaci\u00f3n S\u00edndrome 22q11.2 Andaluc\u00eda","og_description":"Entrevista a nuestra Presidenta Rosario Coca en El Ideal Mayo 2018 \u2013 Entrevista en Canal Sur Granada a nuestra Tesorera Ana Monge por motivo del D\u00eda Internacional Agosto 2020 \u2013 Entrevista en Onda Local de Andaluc\u00eda a nuestra presidenta Rosario Coca Abril 2019 \u2013 Entrevista en Canal Sur Radio, Programa \u201cLa Hora de Almer\u00eda\u201d Entrevista [&hellip;]","og_url":"https:\/\/22q.hubstartidea.es\/index.php\/entrevistas\/","og_site_name":"Asociaci\u00f3n S\u00edndrome 22q11.2 Andaluc\u00eda","article_modified_time":"2024-02-02T22:30:17+00:00","og_image":[{"url":"http:\/\/22q.hubstartidea.es\/wp-content\/uploads\/2024\/01\/IMG_6260.jpg","type":"","width":"","height":""}],"twitter_card":"summary_large_image","twitter_misc":{"Tiempo de lectura":"1 minuto"},"schema":{"@context":"https:\/\/schema.org","@graph":[{"@type":"WebPage","@id":"https:\/\/22q.hubstartidea.es\/index.php\/entrevistas\/","url":"https:\/\/22q.hubstartidea.es\/index.php\/entrevistas\/","name":"ENTREVISTAS - Asociaci\u00f3n S\u00edndrome 22q11.2 Andaluc\u00eda","isPartOf":{"@id":"https:\/\/22q.hubstartidea.es\/#website"},"primaryImageOfPage":{"@id":"https:\/\/22q.hubstartidea.es\/index.php\/entrevistas\/#primaryimage"},"image":{"@id":"https:\/\/22q.hubstartidea.es\/index.php\/entrevistas\/#primaryimage"},"thumbnailUrl":"http:\/\/22q.hubstartidea.es\/wp-content\/uploads\/2024\/01\/IMG_6260.jpg","datePublished":"2023-11-02T16:42:45+00:00","dateModified":"2024-02-02T22:30:17+00:00","breadcrumb":{"@id":"https:\/\/22q.hubstartidea.es\/index.php\/entrevistas\/#breadcrumb"},"inLanguage":"es","potentialAction":[{"@type":"ReadAction","target":["https:\/\/22q.hubstartidea.es\/index.php\/entrevistas\/"]}]},{"@type":"ImageObject","inLanguage":"es","@id":"https:\/\/22q.hubstartidea.es\/index.php\/entrevistas\/#primaryimage","url":"https:\/\/22q.hubstartidea.es\/wp-content\/uploads\/2024\/01\/IMG_6260.jpg","contentUrl":"https:\/\/22q.hubstartidea.es\/wp-content\/uploads\/2024\/01\/IMG_6260.jpg","width":636,"height":960,"caption":"Entrevista a nuestra Presidenta Rosario Coca en El Ideal"},{"@type":"BreadcrumbList","@id":"https:\/\/22q.hubstartidea.es\/index.php\/entrevistas\/#breadcrumb","itemListElement":[{"@type":"ListItem","position":1,"name":"Home","item":"https:\/\/22q.hubstartidea.es\/"},{"@type":"ListItem","position":2,"name":"ENTREVISTAS"}]},{"@type":"WebSite","@id":"https:\/\/22q.hubstartidea.es\/#website","url":"https:\/\/22q.hubstartidea.es\/","name":"Asociaci\u00f3n S\u00edndrome 22q11.2 Andaluc\u00eda","description":"","publisher":{"@id":"https:\/\/22q.hubstartidea.es\/#organization"},"potentialAction":[{"@type":"SearchAction","target":{"@type":"EntryPoint","urlTemplate":"https:\/\/22q.hubstartidea.es\/?s={search_term_string}"},"query-input":{"@type":"PropertyValueSpecification","valueRequired":true,"valueName":"search_term_string"}}],"inLanguage":"es"},{"@type":"Organization","@id":"https:\/\/22q.hubstartidea.es\/#organization","name":"Asociaci\u00f3n S\u00edndrome 22q11.2 Andaluc\u00eda","url":"https:\/\/22q.hubstartidea.es\/","logo":{"@type":"ImageObject","inLanguage":"es","@id":"https:\/\/22q.hubstartidea.es\/#\/schema\/logo\/image\/","url":"https:\/\/22q.hubstartidea.es\/wp-content\/uploads\/2023\/09\/cropped-cropped-unnamed-1-1.jpg","contentUrl":"https:\/\/22q.hubstartidea.es\/wp-content\/uploads\/2023\/09\/cropped-cropped-unnamed-1-1.jpg","width":512,"height":171,"caption":"Asociaci\u00f3n S\u00edndrome 22q11.2 Andaluc\u00eda"},"image":{"@id":"https:\/\/22q.hubstartidea.es\/#\/schema\/logo\/image\/"}}]}},"_links":{"self":[{"href":"https:\/\/22q.hubstartidea.es\/index.php\/wp-json\/wp\/v2\/pages\/1745","targetHints":{"allow":["GET"]}}],"collection":[{"href":"https:\/\/22q.hubstartidea.es\/index.php\/wp-json\/wp\/v2\/pages"}],"about":[{"href":"https:\/\/22q.hubstartidea.es\/index.php\/wp-json\/wp\/v2\/types\/page"}],"author":[{"embeddable":true,"href":"https:\/\/22q.hubstartidea.es\/index.php\/wp-json\/wp\/v2\/users\/2"}],"replies":[{"embeddable":true,"href":"https:\/\/22q.hubstartidea.es\/index.php\/wp-json\/wp\/v2\/comments?post=1745"}],"version-history":[{"count":0,"href":"https:\/\/22q.hubstartidea.es\/index.php\/wp-json\/wp\/v2\/pages\/1745\/revisions"}],"wp:attachment":[{"href":"https:\/\/22q.hubstartidea.es\/index.php\/wp-json\/wp\/v2\/media?parent=1745"}],"curies":[{"name":"wp","href":"https:\/\/api.w.org\/{rel}","templated":true}]}}