{"id":1829,"date":"2023-11-06T17:07:34","date_gmt":"2023-11-06T16:07:34","guid":{"rendered":"https:\/\/22q.hubstartidea.es\/?page_id=1829"},"modified":"2023-11-06T17:13:25","modified_gmt":"2023-11-06T16:13:25","slug":"proyecto-konecta2-19-20","status":"publish","type":"page","link":"https:\/\/22q.hubstartidea.es\/index.php\/proyecto-konecta2-19-20\/","title":{"rendered":"PROYECTO KONECTA2 19-20"},"content":{"rendered":"<style>\/*! elementor - v3.15.0 - 20-08-2023 *\/\n.elementor-heading-title{padding:0;margin:0;line-height:1}.elementor-widget-heading .elementor-heading-title[class*=elementor-size-]>a{color:inherit;font-size:inherit;line-height:inherit}.elementor-widget-heading .elementor-heading-title.elementor-size-small{font-size:15px}.elementor-widget-heading .elementor-heading-title.elementor-size-medium{font-size:19px}.elementor-widget-heading .elementor-heading-title.elementor-size-large{font-size:29px}.elementor-widget-heading .elementor-heading-title.elementor-size-xl{font-size:39px}.elementor-widget-heading .elementor-heading-title.elementor-size-xxl{font-size:59px}<\/style>\n<h2>PROYECTO KONECTA2<\/h2>\n<p data-fontsize=\"16\" data-lineheight=\"24\">Estimadas familias, despu\u00e9s de organizar algunas actividades, hemos vuelto a conseguir fondos para retomar el PROYECTO KONECTA2 19-20.<br \/>Consiste en la visita de un profesional al colegio de vuestro hij@ con el objetivo de informar al equipo docente sobre las dificultades acad\u00e9micas que suelen tener los ni\u00f1@s con s\u00edndrome 22q11, as\u00ed como las herramientas y el estilo de aprendizaje que les ayuda. Para ello necesitamos saber qui\u00e9nes est\u00e1is interesados en que asistamos y poder organizarnos.<\/p>\n<p data-fontsize=\"16\" data-lineheight=\"24\"><\/p>\n<p data-fontsize=\"16\" data-lineheight=\"24\">Esta actividad se suele hacer con el equipo docente de vuestros hijos, cuantos m\u00e1s mejor y los padres no debemos asistir.<\/p>\n<p data-fontsize=\"16\" data-lineheight=\"24\">Este proyecto tiene un presupuesto total de&nbsp;<strong>7.240,81 \u20ac<\/strong>. Estos fondos son el resultado de un gran trabajo, esfuerzo y dedicaci\u00f3n por parte de la Asociaci\u00f3n, y fueron obtenidos como se detalla a continuaci\u00f3n:<\/p>\n<ul>\n<li>\n<p data-fontsize=\"16\" data-lineheight=\"24\">3.450 \u20ac como resultado de presentar el Proyecto Konecta2 19-20 al concurso de la Red Solidaria de Bankia, y quedar nuestro proyecto en 1\u00aa posici\u00f3n.<\/p>\n<\/li>\n<li>\n<p data-fontsize=\"16\" data-lineheight=\"24\">3.790,81 \u20ac obtenidos del Concierto solidario \u201cLa esencia de lo humano\u201d el 01\/07\/2019, en el marco de los Conciertos Solidarios FEX 2019, y en el que fuimos de la mano de Cruz Roja Espa\u00f1ola.<\/p>\n<\/li>\n<\/ul>\n<p data-fontsize=\"16\" data-lineheight=\"24\">Los pasos a seguir son para solicitar esta formaci\u00f3n en el centro de tu hij@ son:<\/p>\n<ol>\n<li>\n<p data-fontsize=\"16\" data-lineheight=\"24\">Ten\u00e9is que hablar con vuestro colegio\/centro y confirmar que estar\u00edan interesados en que vayamos a dar esta formaci\u00f3n.<\/p>\n<\/li>\n<li>\n<p data-fontsize=\"16\" data-lineheight=\"24\">Enviarnos un correo electr\u00f3nico con la informaci\u00f3n que os detallaremos a continuaci\u00f3n.<\/p>\n<\/li>\n<li>\n<p data-fontsize=\"16\" data-lineheight=\"24\">Completar una encuesta que os haremos llegar con informaci\u00f3n de vuestro hij@.<\/p>\n<\/li>\n<li>\n<p data-fontsize=\"16\" data-lineheight=\"24\">El profesional encargado se pondr\u00e1 en contacto con vosotros para coordinar la cita.<\/p>\n<\/li>\n<\/ol>\n<p data-fontsize=\"16\" data-lineheight=\"24\">\n<p data-fontsize=\"16\" data-lineheight=\"24\">Necesitamos que los interesados nos envi\u00e9is un correo electr\u00f3nico a&nbsp;info@22qandalucia.es&nbsp;con el asunto \u201cKonecta2 19-20\u201d y con la siguiente informaci\u00f3n:<\/p>\n<ul>\n<li>\n<p data-fontsize=\"16\" data-lineheight=\"24\">Nombre del socio<\/p>\n<\/li>\n<li>\n<p data-fontsize=\"16\" data-lineheight=\"24\">Telef\u00f3no de contacto<\/p>\n<\/li>\n<li>\n<p data-fontsize=\"16\" data-lineheight=\"24\">Nombre completo de vuestro hij@<\/p>\n<\/li>\n<li>\n<p data-fontsize=\"16\" data-lineheight=\"24\">Edad de vuestro hij@<\/p>\n<\/li>\n<li>\n<p data-fontsize=\"16\" data-lineheight=\"24\">Curso escolar<\/p>\n<\/li>\n<li>\n<p data-fontsize=\"16\" data-lineheight=\"24\">Colegio<\/p>\n<\/li>\n<li>\n<p data-fontsize=\"16\" data-lineheight=\"24\">Ciudad<\/p>\n<\/li>\n<\/ul>\n<p>&nbsp;<br \/>\n&nbsp;<\/p>\n<footer>\n&nbsp;<br \/>\n<\/footer>\n<style>\/*! elementor - v3.15.0 - 20-08-2023 *\/\n.elementor-widget-image{text-align:center}.elementor-widget-image a{display:inline-block}.elementor-widget-image a img[src$=\".svg\"]{width:48px}.elementor-widget-image img{vertical-align:middle;display:inline-block}<\/style>\n<p>\t\t\t\t\t\t\t\t\t\t\t\t<img decoding=\"async\" width=\"141\" height=\"300\" src=\"http:\/\/22q.hubstartidea.es\/wp-content\/uploads\/2023\/11\/Konecta2-141x300-1.jpg\" alt=\"\" loading=\"lazy\" \/><br \/>\n\t\t\t\t\t\t\t\t\t\t\t\t\t\t\t<img decoding=\"async\" width=\"212\" height=\"300\" src=\"http:\/\/22q.hubstartidea.es\/wp-content\/uploads\/2023\/11\/PHOTO-2019-10-06-12-45-51-212x300-1.jpg\" alt=\"\" loading=\"lazy\" \/><br \/>\n\t\t\t\t\t\t\t\t\t\t\t\t\t\t\t<img decoding=\"async\" width=\"300\" height=\"175\" src=\"http:\/\/22q.hubstartidea.es\/wp-content\/uploads\/2023\/11\/enaccionbankia-300x175-1.png\" alt=\"\" loading=\"lazy\" \/><\/p>\n","protected":false},"excerpt":{"rendered":"<p>PROYECTO KONECTA2 Estimadas familias, despu\u00e9s de organizar algunas actividades, hemos vuelto a conseguir fondos para retomar el PROYECTO KONECTA2 19-20.Consiste en la visita de un profesional al colegio de vuestro hij@ con el objetivo de informar al equipo docente sobre las dificultades acad\u00e9micas que suelen tener los ni\u00f1@s con s\u00edndrome 22q11, as\u00ed como las herramientas [&hellip;]<\/p>\n","protected":false},"author":2,"featured_media":0,"parent":0,"menu_order":0,"comment_status":"closed","ping_status":"closed","template":"","meta":{"site-sidebar-layout":"no-sidebar","site-content-layout":"page-builder","ast-site-content-layout":"default","site-content-style":"default","site-sidebar-style":"default","ast-global-header-display":"","ast-banner-title-visibility":"","ast-main-header-display":"","ast-hfb-above-header-display":"","ast-hfb-below-header-display":"","ast-hfb-mobile-header-display":"","site-post-title":"disabled","ast-breadcrumbs-content":"","ast-featured-img":"disabled","footer-sml-layout":"","ast-disable-related-posts":"","theme-transparent-header-meta":"","adv-header-id-meta":"","stick-header-meta":"","header-above-stick-meta":"","header-main-stick-meta":"","header-below-stick-meta":"","astra-migrate-meta-layouts":"","ast-page-background-enabled":"default","ast-page-background-meta":{"desktop":{"background-color":"var(--ast-global-color-4)","background-image":"","background-repeat":"repeat","background-position":"center center","background-size":"auto","background-attachment":"scroll","background-type":"","background-media":"","overlay-type":"","overlay-color":"","overlay-opacity":"","overlay-gradient":""},"tablet":{"background-color":"","background-image":"","background-repeat":"repeat","background-position":"center center","background-size":"auto","background-attachment":"scroll","background-type":"","background-media":"","overlay-type":"","overlay-color":"","overlay-opacity":"","overlay-gradient":""},"mobile":{"background-color":"","background-image":"","background-repeat":"repeat","background-position":"center center","background-size":"auto","background-attachment":"scroll","background-type":"","background-media":"","overlay-type":"","overlay-color":"","overlay-opacity":"","overlay-gradient":""}},"ast-content-background-meta":{"desktop":{"background-color":"var(--ast-global-color-5)","background-image":"","background-repeat":"repeat","background-position":"center center","background-size":"auto","background-attachment":"scroll","background-type":"","background-media":"","overlay-type":"","overlay-color":"","overlay-opacity":"","overlay-gradient":""},"tablet":{"background-color":"var(--ast-global-color-5)","background-image":"","background-repeat":"repeat","background-position":"center center","background-size":"auto","background-attachment":"scroll","background-type":"","background-media":"","overlay-type":"","overlay-color":"","overlay-opacity":"","overlay-gradient":""},"mobile":{"background-color":"var(--ast-global-color-5)","background-image":"","background-repeat":"repeat","background-position":"center center","background-size":"auto","background-attachment":"scroll","background-type":"","background-media":"","overlay-type":"","overlay-color":"","overlay-opacity":"","overlay-gradient":""}},"footnotes":""},"class_list":["post-1829","page","type-page","status-publish","hentry"],"yoast_head":"<!-- This site is optimized with the Yoast SEO plugin v25.7 - https:\/\/yoast.com\/wordpress\/plugins\/seo\/ -->\n<title>PROYECTO KONECTA2 19-20 - Asociaci\u00f3n S\u00edndrome 22q11.2 Andaluc\u00eda<\/title>\n<meta name=\"robots\" content=\"index, follow, max-snippet:-1, max-image-preview:large, max-video-preview:-1\" \/>\n<link rel=\"canonical\" href=\"https:\/\/22q.hubstartidea.es\/index.php\/proyecto-konecta2-19-20\/\" \/>\n<meta property=\"og:locale\" content=\"es_ES\" \/>\n<meta property=\"og:type\" content=\"article\" \/>\n<meta property=\"og:title\" content=\"PROYECTO KONECTA2 19-20 - Asociaci\u00f3n S\u00edndrome 22q11.2 Andaluc\u00eda\" \/>\n<meta property=\"og:description\" content=\"PROYECTO KONECTA2 Estimadas familias, despu\u00e9s de organizar algunas actividades, hemos vuelto a conseguir fondos para retomar el PROYECTO KONECTA2 19-20.Consiste en la visita de un profesional al colegio de vuestro hij@ con el objetivo de informar al equipo docente sobre las dificultades acad\u00e9micas que suelen tener los ni\u00f1@s con s\u00edndrome 22q11, as\u00ed como las herramientas [&hellip;]\" \/>\n<meta property=\"og:url\" content=\"https:\/\/22q.hubstartidea.es\/index.php\/proyecto-konecta2-19-20\/\" \/>\n<meta property=\"og:site_name\" content=\"Asociaci\u00f3n S\u00edndrome 22q11.2 Andaluc\u00eda\" \/>\n<meta property=\"article:modified_time\" content=\"2023-11-06T16:13:25+00:00\" \/>\n<meta property=\"og:image\" content=\"http:\/\/22q.hubstartidea.es\/wp-content\/uploads\/2023\/11\/Konecta2-141x300-1.jpg\" \/>\n<meta name=\"twitter:card\" content=\"summary_large_image\" \/>\n<meta name=\"twitter:label1\" content=\"Tiempo de lectura\" \/>\n\t<meta name=\"twitter:data1\" content=\"2 minutos\" \/>\n<script type=\"application\/ld+json\" class=\"yoast-schema-graph\">{\"@context\":\"https:\/\/schema.org\",\"@graph\":[{\"@type\":\"WebPage\",\"@id\":\"https:\/\/22q.hubstartidea.es\/index.php\/proyecto-konecta2-19-20\/\",\"url\":\"https:\/\/22q.hubstartidea.es\/index.php\/proyecto-konecta2-19-20\/\",\"name\":\"PROYECTO KONECTA2 19-20 - Asociaci\u00f3n S\u00edndrome 22q11.2 Andaluc\u00eda\",\"isPartOf\":{\"@id\":\"https:\/\/22q.hubstartidea.es\/#website\"},\"primaryImageOfPage\":{\"@id\":\"https:\/\/22q.hubstartidea.es\/index.php\/proyecto-konecta2-19-20\/#primaryimage\"},\"image\":{\"@id\":\"https:\/\/22q.hubstartidea.es\/index.php\/proyecto-konecta2-19-20\/#primaryimage\"},\"thumbnailUrl\":\"http:\/\/22q.hubstartidea.es\/wp-content\/uploads\/2023\/11\/Konecta2-141x300-1.jpg\",\"datePublished\":\"2023-11-06T16:07:34+00:00\",\"dateModified\":\"2023-11-06T16:13:25+00:00\",\"breadcrumb\":{\"@id\":\"https:\/\/22q.hubstartidea.es\/index.php\/proyecto-konecta2-19-20\/#breadcrumb\"},\"inLanguage\":\"es\",\"potentialAction\":[{\"@type\":\"ReadAction\",\"target\":[\"https:\/\/22q.hubstartidea.es\/index.php\/proyecto-konecta2-19-20\/\"]}]},{\"@type\":\"ImageObject\",\"inLanguage\":\"es\",\"@id\":\"https:\/\/22q.hubstartidea.es\/index.php\/proyecto-konecta2-19-20\/#primaryimage\",\"url\":\"https:\/\/22q.hubstartidea.es\/wp-content\/uploads\/2023\/11\/Konecta2-141x300-1.jpg\",\"contentUrl\":\"https:\/\/22q.hubstartidea.es\/wp-content\/uploads\/2023\/11\/Konecta2-141x300-1.jpg\",\"width\":141,\"height\":300},{\"@type\":\"BreadcrumbList\",\"@id\":\"https:\/\/22q.hubstartidea.es\/index.php\/proyecto-konecta2-19-20\/#breadcrumb\",\"itemListElement\":[{\"@type\":\"ListItem\",\"position\":1,\"name\":\"Home\",\"item\":\"https:\/\/22q.hubstartidea.es\/\"},{\"@type\":\"ListItem\",\"position\":2,\"name\":\"PROYECTO KONECTA2 19-20\"}]},{\"@type\":\"WebSite\",\"@id\":\"https:\/\/22q.hubstartidea.es\/#website\",\"url\":\"https:\/\/22q.hubstartidea.es\/\",\"name\":\"Asociaci\u00f3n S\u00edndrome 22q11.2 Andaluc\u00eda\",\"description\":\"\",\"publisher\":{\"@id\":\"https:\/\/22q.hubstartidea.es\/#organization\"},\"potentialAction\":[{\"@type\":\"SearchAction\",\"target\":{\"@type\":\"EntryPoint\",\"urlTemplate\":\"https:\/\/22q.hubstartidea.es\/?s={search_term_string}\"},\"query-input\":{\"@type\":\"PropertyValueSpecification\",\"valueRequired\":true,\"valueName\":\"search_term_string\"}}],\"inLanguage\":\"es\"},{\"@type\":\"Organization\",\"@id\":\"https:\/\/22q.hubstartidea.es\/#organization\",\"name\":\"Asociaci\u00f3n S\u00edndrome 22q11.2 Andaluc\u00eda\",\"url\":\"https:\/\/22q.hubstartidea.es\/\",\"logo\":{\"@type\":\"ImageObject\",\"inLanguage\":\"es\",\"@id\":\"https:\/\/22q.hubstartidea.es\/#\/schema\/logo\/image\/\",\"url\":\"https:\/\/22q.hubstartidea.es\/wp-content\/uploads\/2023\/09\/cropped-cropped-unnamed-1-1.jpg\",\"contentUrl\":\"https:\/\/22q.hubstartidea.es\/wp-content\/uploads\/2023\/09\/cropped-cropped-unnamed-1-1.jpg\",\"width\":512,\"height\":171,\"caption\":\"Asociaci\u00f3n S\u00edndrome 22q11.2 Andaluc\u00eda\"},\"image\":{\"@id\":\"https:\/\/22q.hubstartidea.es\/#\/schema\/logo\/image\/\"}}]}<\/script>\n<!-- \/ Yoast SEO plugin. -->","yoast_head_json":{"title":"PROYECTO KONECTA2 19-20 - Asociaci\u00f3n S\u00edndrome 22q11.2 Andaluc\u00eda","robots":{"index":"index","follow":"follow","max-snippet":"max-snippet:-1","max-image-preview":"max-image-preview:large","max-video-preview":"max-video-preview:-1"},"canonical":"https:\/\/22q.hubstartidea.es\/index.php\/proyecto-konecta2-19-20\/","og_locale":"es_ES","og_type":"article","og_title":"PROYECTO KONECTA2 19-20 - Asociaci\u00f3n S\u00edndrome 22q11.2 Andaluc\u00eda","og_description":"PROYECTO KONECTA2 Estimadas familias, despu\u00e9s de organizar algunas actividades, hemos vuelto a conseguir fondos para retomar el PROYECTO KONECTA2 19-20.Consiste en la visita de un profesional al colegio de vuestro hij@ con el objetivo de informar al equipo docente sobre las dificultades acad\u00e9micas que suelen tener los ni\u00f1@s con s\u00edndrome 22q11, as\u00ed como las herramientas [&hellip;]","og_url":"https:\/\/22q.hubstartidea.es\/index.php\/proyecto-konecta2-19-20\/","og_site_name":"Asociaci\u00f3n S\u00edndrome 22q11.2 Andaluc\u00eda","article_modified_time":"2023-11-06T16:13:25+00:00","og_image":[{"url":"http:\/\/22q.hubstartidea.es\/wp-content\/uploads\/2023\/11\/Konecta2-141x300-1.jpg","type":"","width":"","height":""}],"twitter_card":"summary_large_image","twitter_misc":{"Tiempo de lectura":"2 minutos"},"schema":{"@context":"https:\/\/schema.org","@graph":[{"@type":"WebPage","@id":"https:\/\/22q.hubstartidea.es\/index.php\/proyecto-konecta2-19-20\/","url":"https:\/\/22q.hubstartidea.es\/index.php\/proyecto-konecta2-19-20\/","name":"PROYECTO KONECTA2 19-20 - Asociaci\u00f3n S\u00edndrome 22q11.2 Andaluc\u00eda","isPartOf":{"@id":"https:\/\/22q.hubstartidea.es\/#website"},"primaryImageOfPage":{"@id":"https:\/\/22q.hubstartidea.es\/index.php\/proyecto-konecta2-19-20\/#primaryimage"},"image":{"@id":"https:\/\/22q.hubstartidea.es\/index.php\/proyecto-konecta2-19-20\/#primaryimage"},"thumbnailUrl":"http:\/\/22q.hubstartidea.es\/wp-content\/uploads\/2023\/11\/Konecta2-141x300-1.jpg","datePublished":"2023-11-06T16:07:34+00:00","dateModified":"2023-11-06T16:13:25+00:00","breadcrumb":{"@id":"https:\/\/22q.hubstartidea.es\/index.php\/proyecto-konecta2-19-20\/#breadcrumb"},"inLanguage":"es","potentialAction":[{"@type":"ReadAction","target":["https:\/\/22q.hubstartidea.es\/index.php\/proyecto-konecta2-19-20\/"]}]},{"@type":"ImageObject","inLanguage":"es","@id":"https:\/\/22q.hubstartidea.es\/index.php\/proyecto-konecta2-19-20\/#primaryimage","url":"https:\/\/22q.hubstartidea.es\/wp-content\/uploads\/2023\/11\/Konecta2-141x300-1.jpg","contentUrl":"https:\/\/22q.hubstartidea.es\/wp-content\/uploads\/2023\/11\/Konecta2-141x300-1.jpg","width":141,"height":300},{"@type":"BreadcrumbList","@id":"https:\/\/22q.hubstartidea.es\/index.php\/proyecto-konecta2-19-20\/#breadcrumb","itemListElement":[{"@type":"ListItem","position":1,"name":"Home","item":"https:\/\/22q.hubstartidea.es\/"},{"@type":"ListItem","position":2,"name":"PROYECTO KONECTA2 19-20"}]},{"@type":"WebSite","@id":"https:\/\/22q.hubstartidea.es\/#website","url":"https:\/\/22q.hubstartidea.es\/","name":"Asociaci\u00f3n S\u00edndrome 22q11.2 Andaluc\u00eda","description":"","publisher":{"@id":"https:\/\/22q.hubstartidea.es\/#organization"},"potentialAction":[{"@type":"SearchAction","target":{"@type":"EntryPoint","urlTemplate":"https:\/\/22q.hubstartidea.es\/?s={search_term_string}"},"query-input":{"@type":"PropertyValueSpecification","valueRequired":true,"valueName":"search_term_string"}}],"inLanguage":"es"},{"@type":"Organization","@id":"https:\/\/22q.hubstartidea.es\/#organization","name":"Asociaci\u00f3n S\u00edndrome 22q11.2 Andaluc\u00eda","url":"https:\/\/22q.hubstartidea.es\/","logo":{"@type":"ImageObject","inLanguage":"es","@id":"https:\/\/22q.hubstartidea.es\/#\/schema\/logo\/image\/","url":"https:\/\/22q.hubstartidea.es\/wp-content\/uploads\/2023\/09\/cropped-cropped-unnamed-1-1.jpg","contentUrl":"https:\/\/22q.hubstartidea.es\/wp-content\/uploads\/2023\/09\/cropped-cropped-unnamed-1-1.jpg","width":512,"height":171,"caption":"Asociaci\u00f3n S\u00edndrome 22q11.2 Andaluc\u00eda"},"image":{"@id":"https:\/\/22q.hubstartidea.es\/#\/schema\/logo\/image\/"}}]}},"_links":{"self":[{"href":"https:\/\/22q.hubstartidea.es\/index.php\/wp-json\/wp\/v2\/pages\/1829","targetHints":{"allow":["GET"]}}],"collection":[{"href":"https:\/\/22q.hubstartidea.es\/index.php\/wp-json\/wp\/v2\/pages"}],"about":[{"href":"https:\/\/22q.hubstartidea.es\/index.php\/wp-json\/wp\/v2\/types\/page"}],"author":[{"embeddable":true,"href":"https:\/\/22q.hubstartidea.es\/index.php\/wp-json\/wp\/v2\/users\/2"}],"replies":[{"embeddable":true,"href":"https:\/\/22q.hubstartidea.es\/index.php\/wp-json\/wp\/v2\/comments?post=1829"}],"version-history":[{"count":0,"href":"https:\/\/22q.hubstartidea.es\/index.php\/wp-json\/wp\/v2\/pages\/1829\/revisions"}],"wp:attachment":[{"href":"https:\/\/22q.hubstartidea.es\/index.php\/wp-json\/wp\/v2\/media?parent=1829"}],"curies":[{"name":"wp","href":"https:\/\/api.w.org\/{rel}","templated":true}]}}