{"id":2364,"date":"2024-01-31T19:57:18","date_gmt":"2024-01-31T18:57:18","guid":{"rendered":"https:\/\/22q.hubstartidea.es\/?page_id=2364"},"modified":"2024-01-31T20:01:34","modified_gmt":"2024-01-31T19:01:34","slug":"ii-encuentro-de-socios-y-familias-2016","status":"publish","type":"page","link":"https:\/\/22q.hubstartidea.es\/index.php\/fotos\/ii-encuentro-de-socios-y-familias-2016\/","title":{"rendered":"II Encuentro de socios y familias (2016)"},"content":{"rendered":"<style>\/*! elementor-pro - v3.15.0 - 09-08-2023 *\/\n.elementor-gallery__container{min-height:1px}.elementor-gallery-item{position:relative;overflow:hidden;display:block;text-decoration:none;border:solid var(--image-border-width) var(--image-border-color);border-radius:var(--image-border-radius)}.elementor-gallery-item__content,.elementor-gallery-item__overlay{height:100%;width:100%;position:absolute;top:0;left:0}.elementor-gallery-item__overlay{mix-blend-mode:var(--overlay-mix-blend-mode);transition-duration:var(--overlay-transition-duration);transition-property:mix-blend-mode,transform,opacity,background-color}.elementor-gallery-item__image.e-gallery-image{transition-duration:var(--image-transition-duration);transition-property:filter,transform}.elementor-gallery-item__content{display:flex;flex-direction:column;justify-content:var(--content-justify-content,center);align-items:center;text-align:var(--content-text-align);padding:var(--content-padding)}.elementor-gallery-item__content>div{transition-duration:var(--content-transition-duration)}.elementor-gallery-item__content.elementor-gallery--sequenced-animation>div:nth-child(2){transition-delay:calc(var(--content-transition-delay) \/ 3)}.elementor-gallery-item__content.elementor-gallery--sequenced-animation>div:nth-child(3){transition-delay:calc(var(--content-transition-delay) \/ 3 * 2)}.elementor-gallery-item__content.elementor-gallery--sequenced-animation>div:nth-child(4){transition-delay:calc(var(--content-transition-delay) \/ 3 * 3)}.elementor-gallery-item__description{color:var(--description-text-color,#fff);width:100%}.elementor-gallery-item__title{color:var(--title-text-color,#fff);font-weight:700;width:100%}.elementor-gallery__titles-container{display:flex;flex-wrap:wrap;justify-content:var(--titles-container-justify-content,center);margin-bottom:20px}.elementor-gallery__titles-container:not(.e--pointer-framed) .elementor-item:after,.elementor-gallery__titles-container:not(.e--pointer-framed) .elementor-item:before{background-color:var(--galleries-pointer-bg-color-hover)}.elementor-gallery__titles-container:not(.e--pointer-framed) .elementor-item.elementor-item-active:after,.elementor-gallery__titles-container:not(.e--pointer-framed) .elementor-item.elementor-item-active:before{background-color:var(--galleries-pointer-bg-color-active)}.elementor-gallery__titles-container.e--pointer-framed .elementor-item:before{border-color:var(--galleries-pointer-bg-color-hover);border-width:var(--galleries-pointer-border-width)}.elementor-gallery__titles-container.e--pointer-framed .elementor-item:after{border-color:var(--galleries-pointer-bg-color-hover)}.elementor-gallery__titles-container.e--pointer-framed .elementor-item.elementor-item-active:after,.elementor-gallery__titles-container.e--pointer-framed .elementor-item.elementor-item-active:before{border-color:var(--galleries-pointer-bg-color-active)}.elementor-gallery__titles-container.e--pointer-framed.e--animation-draw .elementor-item:before{border-left-width:var(--galleries-pointer-border-width);border-bottom-width:var(--galleries-pointer-border-width);border-right-width:0;border-top-width:0}.elementor-gallery__titles-container.e--pointer-framed.e--animation-draw .elementor-item:after{border-left-width:0;border-bottom-width:0;border-right-width:var(--galleries-pointer-border-width);border-top-width:var(--galleries-pointer-border-width)}.elementor-gallery__titles-container.e--pointer-framed.e--animation-corners .elementor-item:before{border-left-width:var(--galleries-pointer-border-width);border-bottom-width:0;border-right-width:0;border-top-width:var(--galleries-pointer-border-width)}.elementor-gallery__titles-container.e--pointer-framed.e--animation-corners .elementor-item:after{border-left-width:0;border-bottom-width:var(--galleries-pointer-border-width);border-right-width:var(--galleries-pointer-border-width);border-top-width:0}.elementor-gallery__titles-container .e--pointer-double-line .elementor-item:after,.elementor-gallery__titles-container .e--pointer-double-line .elementor-item:before,.elementor-gallery__titles-container .e--pointer-overline .elementor-item:before,.elementor-gallery__titles-container .e--pointer-underline .elementor-item:after{height:var(--galleries-pointer-border-width)}.elementor-gallery-title{--space-between:10px;cursor:pointer;color:#6d7882;font-weight:500;position:relative;padding:7px 14px;transition:all .3s}.elementor-gallery-title--active{color:#495157}.elementor-gallery-title:not(:last-child){margin-right:var(--space-between)}.elementor-gallery-item__title+.elementor-gallery-item__description{margin-top:var(--description-margin-top)}.e-gallery-item.elementor-gallery-item{transition-property:all}.e-gallery-item.elementor-animated-content .elementor-animated-item--enter-from-bottom,.e-gallery-item.elementor-animated-content .elementor-animated-item--enter-from-left,.e-gallery-item.elementor-animated-content .elementor-animated-item--enter-from-right,.e-gallery-item.elementor-animated-content .elementor-animated-item--enter-from-top,.e-gallery-item:focus .elementor-gallery__item-overlay-bg,.e-gallery-item:focus .elementor-gallery__item-overlay-content,.e-gallery-item:focus .elementor-gallery__item-overlay-content__description,.e-gallery-item:focus .elementor-gallery__item-overlay-content__title,.e-gallery-item:hover .elementor-gallery__item-overlay-bg,.e-gallery-item:hover .elementor-gallery__item-overlay-content,.e-gallery-item:hover .elementor-gallery__item-overlay-content__description,.e-gallery-item:hover .elementor-gallery__item-overlay-content__title{opacity:1}a.elementor-item.elementor-gallery-title{color:var(--galleries-title-color-normal)}a.elementor-item.elementor-gallery-title.elementor-item-active,a.elementor-item.elementor-gallery-title.highlighted,a.elementor-item.elementor-gallery-title:focus,a.elementor-item.elementor-gallery-title:hover{color:var(--galleries-title-color-hover)}a.elementor-item.elementor-gallery-title.elementor-item-active{color:var(--gallery-title-color-active)}.e-con-inner>.elementor-widget-gallery,.e-con>.elementor-widget-gallery{width:var(--container-widget-width);--flex-grow:var(--container-widget-flex-grow)}<\/style>\n<p>\t\t\t\t\t\t\t<a href=\"http:\/\/22q.hubstartidea.es\/wp-content\/uploads\/2024\/01\/DSC00643-1.jpg\" data-elementor-open-lightbox=\"yes\" data-elementor-lightbox-slideshow=\"d5f21ec\" data-elementor-lightbox-title=\"DSC00643-1\" data-e-action-hash=\"#elementor-action%3Aaction%3Dlightbox%26settings%3DeyJpZCI6MjM3NywidXJsIjoiaHR0cDpcL1wvMjJxLmh1YnN0YXJ0aWRlYS5lc1wvd3AtY29udGVudFwvdXBsb2Fkc1wvMjAyNFwvMDFcL0RTQzAwNjQzLTEuanBnIiwic2xpZGVzaG93IjoiZDVmMjFlYyJ9\"><br \/>\n\t\t\t\t\t\t\t\t\t\t\t\t\t\t<\/a><br \/>\n\t\t\t\t\t\t\t<a href=\"http:\/\/22q.hubstartidea.es\/wp-content\/uploads\/2024\/01\/DSC00337-1.jpg\" data-elementor-open-lightbox=\"yes\" data-elementor-lightbox-slideshow=\"d5f21ec\" data-elementor-lightbox-title=\"DSC00337-1\" data-e-action-hash=\"#elementor-action%3Aaction%3Dlightbox%26settings%3DeyJpZCI6MjM2OSwidXJsIjoiaHR0cDpcL1wvMjJxLmh1YnN0YXJ0aWRlYS5lc1wvd3AtY29udGVudFwvdXBsb2Fkc1wvMjAyNFwvMDFcL0RTQzAwMzM3LTEuanBnIiwic2xpZGVzaG93IjoiZDVmMjFlYyJ9\"><br \/>\n\t\t\t\t\t\t\t\t\t\t\t\t\t\t<\/a><br \/>\n\t\t\t\t\t\t\t<a href=\"http:\/\/22q.hubstartidea.es\/wp-content\/uploads\/2024\/01\/DSC00519-1.jpg\" data-elementor-open-lightbox=\"yes\" data-elementor-lightbox-slideshow=\"d5f21ec\" data-elementor-lightbox-title=\"DSC00519-1\" data-e-action-hash=\"#elementor-action%3Aaction%3Dlightbox%26settings%3DeyJpZCI6MjM3NSwidXJsIjoiaHR0cDpcL1wvMjJxLmh1YnN0YXJ0aWRlYS5lc1wvd3AtY29udGVudFwvdXBsb2Fkc1wvMjAyNFwvMDFcL0RTQzAwNTE5LTEuanBnIiwic2xpZGVzaG93IjoiZDVmMjFlYyJ9\"><br \/>\n\t\t\t\t\t\t\t\t\t\t\t\t\t\t<\/a><br \/>\n\t\t\t\t\t\t\t<a href=\"http:\/\/22q.hubstartidea.es\/wp-content\/uploads\/2024\/01\/DSC00121-1.jpg\" data-elementor-open-lightbox=\"yes\" data-elementor-lightbox-slideshow=\"d5f21ec\" data-elementor-lightbox-title=\"DSC00121-1\" data-e-action-hash=\"#elementor-action%3Aaction%3Dlightbox%26settings%3DeyJpZCI6MjM2NywidXJsIjoiaHR0cDpcL1wvMjJxLmh1YnN0YXJ0aWRlYS5lc1wvd3AtY29udGVudFwvdXBsb2Fkc1wvMjAyNFwvMDFcL0RTQzAwMTIxLTEuanBnIiwic2xpZGVzaG93IjoiZDVmMjFlYyJ9\"><br \/>\n\t\t\t\t\t\t\t\t\t\t\t\t\t\t<\/a><br \/>\n\t\t\t\t\t\t\t<a href=\"http:\/\/22q.hubstartidea.es\/wp-content\/uploads\/2024\/01\/DSC00193-1.jpg\" data-elementor-open-lightbox=\"yes\" data-elementor-lightbox-slideshow=\"d5f21ec\" data-elementor-lightbox-title=\"DSC00193-1\" data-e-action-hash=\"#elementor-action%3Aaction%3Dlightbox%26settings%3DeyJpZCI6MjM2OCwidXJsIjoiaHR0cDpcL1wvMjJxLmh1YnN0YXJ0aWRlYS5lc1wvd3AtY29udGVudFwvdXBsb2Fkc1wvMjAyNFwvMDFcL0RTQzAwMTkzLTEuanBnIiwic2xpZGVzaG93IjoiZDVmMjFlYyJ9\"><br \/>\n\t\t\t\t\t\t\t\t\t\t\t\t\t\t<\/a><br \/>\n\t\t\t\t\t\t\t<a href=\"http:\/\/22q.hubstartidea.es\/wp-content\/uploads\/2024\/01\/DSC00341-1.jpg\" data-elementor-open-lightbox=\"yes\" data-elementor-lightbox-slideshow=\"d5f21ec\" data-elementor-lightbox-title=\"DSC00341-1\" data-e-action-hash=\"#elementor-action%3Aaction%3Dlightbox%26settings%3DeyJpZCI6MjM3MCwidXJsIjoiaHR0cDpcL1wvMjJxLmh1YnN0YXJ0aWRlYS5lc1wvd3AtY29udGVudFwvdXBsb2Fkc1wvMjAyNFwvMDFcL0RTQzAwMzQxLTEuanBnIiwic2xpZGVzaG93IjoiZDVmMjFlYyJ9\"><br \/>\n\t\t\t\t\t\t\t\t\t\t\t\t\t\t<\/a><br \/>\n\t\t\t\t\t\t\t<a href=\"http:\/\/22q.hubstartidea.es\/wp-content\/uploads\/2024\/01\/DSC00347-1.jpg\" data-elementor-open-lightbox=\"yes\" data-elementor-lightbox-slideshow=\"d5f21ec\" data-elementor-lightbox-title=\"DSC00347-1\" data-e-action-hash=\"#elementor-action%3Aaction%3Dlightbox%26settings%3DeyJpZCI6MjM3MSwidXJsIjoiaHR0cDpcL1wvMjJxLmh1YnN0YXJ0aWRlYS5lc1wvd3AtY29udGVudFwvdXBsb2Fkc1wvMjAyNFwvMDFcL0RTQzAwMzQ3LTEuanBnIiwic2xpZGVzaG93IjoiZDVmMjFlYyJ9\"><br \/>\n\t\t\t\t\t\t\t\t\t\t\t\t\t\t<\/a><br \/>\n\t\t\t\t\t\t\t<a href=\"http:\/\/22q.hubstartidea.es\/wp-content\/uploads\/2024\/01\/DSC00418-1.jpg\" data-elementor-open-lightbox=\"yes\" data-elementor-lightbox-slideshow=\"d5f21ec\" data-elementor-lightbox-title=\"DSC00418-1\" data-e-action-hash=\"#elementor-action%3Aaction%3Dlightbox%26settings%3DeyJpZCI6MjM3MiwidXJsIjoiaHR0cDpcL1wvMjJxLmh1YnN0YXJ0aWRlYS5lc1wvd3AtY29udGVudFwvdXBsb2Fkc1wvMjAyNFwvMDFcL0RTQzAwNDE4LTEuanBnIiwic2xpZGVzaG93IjoiZDVmMjFlYyJ9\"><br \/>\n\t\t\t\t\t\t\t\t\t\t\t\t\t\t<\/a><br \/>\n\t\t\t\t\t\t\t<a href=\"http:\/\/22q.hubstartidea.es\/wp-content\/uploads\/2024\/01\/DSC00422-1.jpg\" data-elementor-open-lightbox=\"yes\" data-elementor-lightbox-slideshow=\"d5f21ec\" data-elementor-lightbox-title=\"DSC00422-1\" data-e-action-hash=\"#elementor-action%3Aaction%3Dlightbox%26settings%3DeyJpZCI6MjM3MywidXJsIjoiaHR0cDpcL1wvMjJxLmh1YnN0YXJ0aWRlYS5lc1wvd3AtY29udGVudFwvdXBsb2Fkc1wvMjAyNFwvMDFcL0RTQzAwNDIyLTEuanBnIiwic2xpZGVzaG93IjoiZDVmMjFlYyJ9\"><br \/>\n\t\t\t\t\t\t\t\t\t\t\t\t\t\t<\/a><br \/>\n\t\t\t\t\t\t\t<a href=\"http:\/\/22q.hubstartidea.es\/wp-content\/uploads\/2024\/01\/DSC00449-1.jpg\" data-elementor-open-lightbox=\"yes\" data-elementor-lightbox-slideshow=\"d5f21ec\" data-elementor-lightbox-title=\"DSC00449-1\" data-e-action-hash=\"#elementor-action%3Aaction%3Dlightbox%26settings%3DeyJpZCI6MjM3NCwidXJsIjoiaHR0cDpcL1wvMjJxLmh1YnN0YXJ0aWRlYS5lc1wvd3AtY29udGVudFwvdXBsb2Fkc1wvMjAyNFwvMDFcL0RTQzAwNDQ5LTEuanBnIiwic2xpZGVzaG93IjoiZDVmMjFlYyJ9\"><br \/>\n\t\t\t\t\t\t\t\t\t\t\t\t\t\t<\/a><br \/>\n\t\t\t\t\t\t\t<a href=\"http:\/\/22q.hubstartidea.es\/wp-content\/uploads\/2024\/01\/DSC00575-1.jpg\" data-elementor-open-lightbox=\"yes\" data-elementor-lightbox-slideshow=\"d5f21ec\" data-elementor-lightbox-title=\"DSC00575-1\" data-e-action-hash=\"#elementor-action%3Aaction%3Dlightbox%26settings%3DeyJpZCI6MjM3NiwidXJsIjoiaHR0cDpcL1wvMjJxLmh1YnN0YXJ0aWRlYS5lc1wvd3AtY29udGVudFwvdXBsb2Fkc1wvMjAyNFwvMDFcL0RTQzAwNTc1LTEuanBnIiwic2xpZGVzaG93IjoiZDVmMjFlYyJ9\"><br \/>\n\t\t\t\t\t\t\t\t\t\t\t\t\t\t<\/a><br \/>\n\t\t\t\t\t\t\t<a href=\"http:\/\/22q.hubstartidea.es\/wp-content\/uploads\/2024\/01\/DSC00367-1-rotated.jpg\" data-elementor-open-lightbox=\"yes\" data-elementor-lightbox-slideshow=\"d5f21ec\" data-elementor-lightbox-title=\"DSC00367-1\" data-e-action-hash=\"#elementor-action%3Aaction%3Dlightbox%26settings%3DeyJpZCI6MjM3OCwidXJsIjoiaHR0cDpcL1wvMjJxLmh1YnN0YXJ0aWRlYS5lc1wvd3AtY29udGVudFwvdXBsb2Fkc1wvMjAyNFwvMDFcL0RTQzAwMzY3LTEtcm90YXRlZC5qcGciLCJzbGlkZXNob3ciOiJkNWYyMWVjIn0%3D\"><br \/>\n\t\t\t\t\t\t\t\t\t\t\t\t\t\t<\/a><\/p>\n","protected":false},"excerpt":{"rendered":"","protected":false},"author":2,"featured_media":0,"parent":1740,"menu_order":0,"comment_status":"closed","ping_status":"closed","template":"","meta":{"site-sidebar-layout":"no-sidebar","site-content-layout":"page-builder","ast-site-content-layout":"default","site-content-style":"default","site-sidebar-style":"default","ast-global-header-display":"","ast-banner-title-visibility":"","ast-main-header-display":"","ast-hfb-above-header-display":"","ast-hfb-below-header-display":"","ast-hfb-mobile-header-display":"","site-post-title":"disabled","ast-breadcrumbs-content":"","ast-featured-img":"disabled","footer-sml-layout":"","ast-disable-related-posts":"","theme-transparent-header-meta":"","adv-header-id-meta":"","stick-header-meta":"","header-above-stick-meta":"","header-main-stick-meta":"","header-below-stick-meta":"","astra-migrate-meta-layouts":"default","ast-page-background-enabled":"default","ast-page-background-meta":{"desktop":{"background-color":"var(--ast-global-color-4)","background-image":"","background-repeat":"repeat","background-position":"center center","background-size":"auto","background-attachment":"scroll","background-type":"","background-media":"","overlay-type":"","overlay-color":"","overlay-opacity":"","overlay-gradient":""},"tablet":{"background-color":"","background-image":"","background-repeat":"repeat","background-position":"center center","background-size":"auto","background-attachment":"scroll","background-type":"","background-media":"","overlay-type":"","overlay-color":"","overlay-opacity":"","overlay-gradient":""},"mobile":{"background-color":"","background-image":"","background-repeat":"repeat","background-position":"center center","background-size":"auto","background-attachment":"scroll","background-type":"","background-media":"","overlay-type":"","overlay-color":"","overlay-opacity":"","overlay-gradient":""}},"ast-content-background-meta":{"desktop":{"background-color":"var(--ast-global-color-5)","background-image":"","background-repeat":"repeat","background-position":"center center","background-size":"auto","background-attachment":"scroll","background-type":"","background-media":"","overlay-type":"","overlay-color":"","overlay-opacity":"","overlay-gradient":""},"tablet":{"background-color":"var(--ast-global-color-5)","background-image":"","background-repeat":"repeat","background-position":"center center","background-size":"auto","background-attachment":"scroll","background-type":"","background-media":"","overlay-type":"","overlay-color":"","overlay-opacity":"","overlay-gradient":""},"mobile":{"background-color":"var(--ast-global-color-5)","background-image":"","background-repeat":"repeat","background-position":"center center","background-size":"auto","background-attachment":"scroll","background-type":"","background-media":"","overlay-type":"","overlay-color":"","overlay-opacity":"","overlay-gradient":""}},"footnotes":""},"class_list":["post-2364","page","type-page","status-publish","hentry"],"yoast_head":"<!-- This site is optimized with the Yoast SEO plugin v25.7 - https:\/\/yoast.com\/wordpress\/plugins\/seo\/ -->\n<title>II Encuentro de socios y familias (2016) - Asociaci\u00f3n S\u00edndrome 22q11.2 Andaluc\u00eda<\/title>\n<meta name=\"robots\" content=\"index, follow, max-snippet:-1, max-image-preview:large, max-video-preview:-1\" \/>\n<link rel=\"canonical\" href=\"https:\/\/22q.hubstartidea.es\/index.php\/fotos\/ii-encuentro-de-socios-y-familias-2016\/\" \/>\n<meta property=\"og:locale\" content=\"es_ES\" \/>\n<meta property=\"og:type\" content=\"article\" \/>\n<meta property=\"og:title\" content=\"II Encuentro de socios y familias (2016) - Asociaci\u00f3n S\u00edndrome 22q11.2 Andaluc\u00eda\" \/>\n<meta property=\"og:url\" content=\"https:\/\/22q.hubstartidea.es\/index.php\/fotos\/ii-encuentro-de-socios-y-familias-2016\/\" \/>\n<meta property=\"og:site_name\" content=\"Asociaci\u00f3n S\u00edndrome 22q11.2 Andaluc\u00eda\" \/>\n<meta property=\"article:modified_time\" content=\"2024-01-31T19:01:34+00:00\" \/>\n<meta name=\"twitter:card\" content=\"summary_large_image\" \/>\n<script type=\"application\/ld+json\" class=\"yoast-schema-graph\">{\"@context\":\"https:\/\/schema.org\",\"@graph\":[{\"@type\":\"WebPage\",\"@id\":\"https:\/\/22q.hubstartidea.es\/index.php\/fotos\/ii-encuentro-de-socios-y-familias-2016\/\",\"url\":\"https:\/\/22q.hubstartidea.es\/index.php\/fotos\/ii-encuentro-de-socios-y-familias-2016\/\",\"name\":\"II Encuentro de socios y familias (2016) - Asociaci\u00f3n S\u00edndrome 22q11.2 Andaluc\u00eda\",\"isPartOf\":{\"@id\":\"https:\/\/22q.hubstartidea.es\/#website\"},\"datePublished\":\"2024-01-31T18:57:18+00:00\",\"dateModified\":\"2024-01-31T19:01:34+00:00\",\"breadcrumb\":{\"@id\":\"https:\/\/22q.hubstartidea.es\/index.php\/fotos\/ii-encuentro-de-socios-y-familias-2016\/#breadcrumb\"},\"inLanguage\":\"es\",\"potentialAction\":[{\"@type\":\"ReadAction\",\"target\":[\"https:\/\/22q.hubstartidea.es\/index.php\/fotos\/ii-encuentro-de-socios-y-familias-2016\/\"]}]},{\"@type\":\"BreadcrumbList\",\"@id\":\"https:\/\/22q.hubstartidea.es\/index.php\/fotos\/ii-encuentro-de-socios-y-familias-2016\/#breadcrumb\",\"itemListElement\":[{\"@type\":\"ListItem\",\"position\":1,\"name\":\"Home\",\"item\":\"https:\/\/22q.hubstartidea.es\/\"},{\"@type\":\"ListItem\",\"position\":2,\"name\":\"FOTOS\",\"item\":\"https:\/\/22q.hubstartidea.es\/index.php\/fotos\/\"},{\"@type\":\"ListItem\",\"position\":3,\"name\":\"II Encuentro de socios y familias (2016)\"}]},{\"@type\":\"WebSite\",\"@id\":\"https:\/\/22q.hubstartidea.es\/#website\",\"url\":\"https:\/\/22q.hubstartidea.es\/\",\"name\":\"Asociaci\u00f3n S\u00edndrome 22q11.2 Andaluc\u00eda\",\"description\":\"\",\"publisher\":{\"@id\":\"https:\/\/22q.hubstartidea.es\/#organization\"},\"potentialAction\":[{\"@type\":\"SearchAction\",\"target\":{\"@type\":\"EntryPoint\",\"urlTemplate\":\"https:\/\/22q.hubstartidea.es\/?s={search_term_string}\"},\"query-input\":{\"@type\":\"PropertyValueSpecification\",\"valueRequired\":true,\"valueName\":\"search_term_string\"}}],\"inLanguage\":\"es\"},{\"@type\":\"Organization\",\"@id\":\"https:\/\/22q.hubstartidea.es\/#organization\",\"name\":\"Asociaci\u00f3n S\u00edndrome 22q11.2 Andaluc\u00eda\",\"url\":\"https:\/\/22q.hubstartidea.es\/\",\"logo\":{\"@type\":\"ImageObject\",\"inLanguage\":\"es\",\"@id\":\"https:\/\/22q.hubstartidea.es\/#\/schema\/logo\/image\/\",\"url\":\"https:\/\/22q.hubstartidea.es\/wp-content\/uploads\/2023\/09\/cropped-cropped-unnamed-1-1.jpg\",\"contentUrl\":\"https:\/\/22q.hubstartidea.es\/wp-content\/uploads\/2023\/09\/cropped-cropped-unnamed-1-1.jpg\",\"width\":512,\"height\":171,\"caption\":\"Asociaci\u00f3n S\u00edndrome 22q11.2 Andaluc\u00eda\"},\"image\":{\"@id\":\"https:\/\/22q.hubstartidea.es\/#\/schema\/logo\/image\/\"}}]}<\/script>\n<!-- \/ Yoast SEO plugin. -->","yoast_head_json":{"title":"II Encuentro de socios y familias (2016) - Asociaci\u00f3n S\u00edndrome 22q11.2 Andaluc\u00eda","robots":{"index":"index","follow":"follow","max-snippet":"max-snippet:-1","max-image-preview":"max-image-preview:large","max-video-preview":"max-video-preview:-1"},"canonical":"https:\/\/22q.hubstartidea.es\/index.php\/fotos\/ii-encuentro-de-socios-y-familias-2016\/","og_locale":"es_ES","og_type":"article","og_title":"II Encuentro de socios y familias (2016) - Asociaci\u00f3n S\u00edndrome 22q11.2 Andaluc\u00eda","og_url":"https:\/\/22q.hubstartidea.es\/index.php\/fotos\/ii-encuentro-de-socios-y-familias-2016\/","og_site_name":"Asociaci\u00f3n S\u00edndrome 22q11.2 Andaluc\u00eda","article_modified_time":"2024-01-31T19:01:34+00:00","twitter_card":"summary_large_image","schema":{"@context":"https:\/\/schema.org","@graph":[{"@type":"WebPage","@id":"https:\/\/22q.hubstartidea.es\/index.php\/fotos\/ii-encuentro-de-socios-y-familias-2016\/","url":"https:\/\/22q.hubstartidea.es\/index.php\/fotos\/ii-encuentro-de-socios-y-familias-2016\/","name":"II Encuentro de socios y familias (2016) - Asociaci\u00f3n S\u00edndrome 22q11.2 Andaluc\u00eda","isPartOf":{"@id":"https:\/\/22q.hubstartidea.es\/#website"},"datePublished":"2024-01-31T18:57:18+00:00","dateModified":"2024-01-31T19:01:34+00:00","breadcrumb":{"@id":"https:\/\/22q.hubstartidea.es\/index.php\/fotos\/ii-encuentro-de-socios-y-familias-2016\/#breadcrumb"},"inLanguage":"es","potentialAction":[{"@type":"ReadAction","target":["https:\/\/22q.hubstartidea.es\/index.php\/fotos\/ii-encuentro-de-socios-y-familias-2016\/"]}]},{"@type":"BreadcrumbList","@id":"https:\/\/22q.hubstartidea.es\/index.php\/fotos\/ii-encuentro-de-socios-y-familias-2016\/#breadcrumb","itemListElement":[{"@type":"ListItem","position":1,"name":"Home","item":"https:\/\/22q.hubstartidea.es\/"},{"@type":"ListItem","position":2,"name":"FOTOS","item":"https:\/\/22q.hubstartidea.es\/index.php\/fotos\/"},{"@type":"ListItem","position":3,"name":"II Encuentro de socios y familias (2016)"}]},{"@type":"WebSite","@id":"https:\/\/22q.hubstartidea.es\/#website","url":"https:\/\/22q.hubstartidea.es\/","name":"Asociaci\u00f3n S\u00edndrome 22q11.2 Andaluc\u00eda","description":"","publisher":{"@id":"https:\/\/22q.hubstartidea.es\/#organization"},"potentialAction":[{"@type":"SearchAction","target":{"@type":"EntryPoint","urlTemplate":"https:\/\/22q.hubstartidea.es\/?s={search_term_string}"},"query-input":{"@type":"PropertyValueSpecification","valueRequired":true,"valueName":"search_term_string"}}],"inLanguage":"es"},{"@type":"Organization","@id":"https:\/\/22q.hubstartidea.es\/#organization","name":"Asociaci\u00f3n S\u00edndrome 22q11.2 Andaluc\u00eda","url":"https:\/\/22q.hubstartidea.es\/","logo":{"@type":"ImageObject","inLanguage":"es","@id":"https:\/\/22q.hubstartidea.es\/#\/schema\/logo\/image\/","url":"https:\/\/22q.hubstartidea.es\/wp-content\/uploads\/2023\/09\/cropped-cropped-unnamed-1-1.jpg","contentUrl":"https:\/\/22q.hubstartidea.es\/wp-content\/uploads\/2023\/09\/cropped-cropped-unnamed-1-1.jpg","width":512,"height":171,"caption":"Asociaci\u00f3n S\u00edndrome 22q11.2 Andaluc\u00eda"},"image":{"@id":"https:\/\/22q.hubstartidea.es\/#\/schema\/logo\/image\/"}}]}},"_links":{"self":[{"href":"https:\/\/22q.hubstartidea.es\/index.php\/wp-json\/wp\/v2\/pages\/2364","targetHints":{"allow":["GET"]}}],"collection":[{"href":"https:\/\/22q.hubstartidea.es\/index.php\/wp-json\/wp\/v2\/pages"}],"about":[{"href":"https:\/\/22q.hubstartidea.es\/index.php\/wp-json\/wp\/v2\/types\/page"}],"author":[{"embeddable":true,"href":"https:\/\/22q.hubstartidea.es\/index.php\/wp-json\/wp\/v2\/users\/2"}],"replies":[{"embeddable":true,"href":"https:\/\/22q.hubstartidea.es\/index.php\/wp-json\/wp\/v2\/comments?post=2364"}],"version-history":[{"count":0,"href":"https:\/\/22q.hubstartidea.es\/index.php\/wp-json\/wp\/v2\/pages\/2364\/revisions"}],"up":[{"embeddable":true,"href":"https:\/\/22q.hubstartidea.es\/index.php\/wp-json\/wp\/v2\/pages\/1740"}],"wp:attachment":[{"href":"https:\/\/22q.hubstartidea.es\/index.php\/wp-json\/wp\/v2\/media?parent=2364"}],"curies":[{"name":"wp","href":"https:\/\/api.w.org\/{rel}","templated":true}]}}